{"id":1133,"date":"2016-02-10T11:42:36","date_gmt":"2016-02-10T10:42:36","guid":{"rendered":"http:\/\/www.trastevereattiva.org\/?page_id=1133"},"modified":"2016-02-11T16:10:34","modified_gmt":"2016-02-11T15:10:34","slug":"ripartiamo-col-verde-2015-arrivano-gli-alberi","status":"publish","type":"page","link":"https:\/\/www.trastevereattiva.org\/index.php\/ripartiamo-col-verde-2015-arrivano-gli-alberi\/","title":{"rendered":"RIPARTIAMO COL VERDE \u2013 2015 \u2013 arrivano gli alberi!"},"content":{"rendered":"<p><em><strong>&#8220;Quel bisonte con 47 perle.<\/strong><\/em><\/p>\n<p><em>L&#8217;ho visto arrivare da lontano: quel bisonte della strada arancione occupava tutta la carreggiata nel passare sotto gli archi di Porta Metronia. Era il tir che arrivava da Pistoia con i nostri 47 alberi!\u00a0<\/em><\/p>\n<p><em>Mi \u00e8 sembrato subito enorme, smisurato. Come poteva essere l\u00ec, mosso dalle piccole volont\u00e0 di uno sparuto gruppo di volontari? Come aveva potuto, il pensiero\u00a0di pochi, cominciare a prendere forma in\u00a0quel bestione venuto da lontano?\u00a0<\/em><\/p>\n<p><em>Mi sono commosso, meravigliato di come un sogno, condiviso e persistentemente nutrito, potesse realizzarsi apparentemente senza difficolt\u00e0.<\/em><\/p>\n<p><em>No, di difficolt\u00e0 ne abbiamo avute: immancabili attriti tra personalit\u00e0 diverse che si\u00a0<\/em><i>incontrano\/scontrano nel lavoro comune. Ma ha prevalso l&#8217;accettazione reciproca. Cos\u00ec, nella magia di un proposito\u00a0condiviso, quei 47 alberi mi sono sembrati 47 PERLE, 47 stille di sudore sulla fronte di chi ha lavorato duro\u00a0e\u00a0si ferma un poco a guardare quanto compiuto.<\/i><\/p>\n<p><em>Stanchezza, s\u00ec. E anche dubbi. Ma una cara amica mi ha prospettato che a primavera le prime gemme su quei rametti nudi e senza senso, daranno la misura della\u00a0bellezza dello sforzo di oggi.\u00a0Perch\u00e9 quelle gemme, quelle perle, non saranno pi\u00f9 solo per noi stessi, ma regalate a Bene Comune!&#8221;<\/em><\/p>\n<p><em>\u00a0 \u00a0G.S.<\/em><\/p>\n<p><strong>Gurda il video cliccando sotto.<\/strong><\/p>\n<p><iframe loading=\"lazy\" title=\"Arrivano gli alberi 2015 HD1080 - Trastevere Attiva\" width=\"1170\" height=\"658\" src=\"https:\/\/www.youtube.com\/embed\/Yp_PEUqRtlw?feature=oembed\" frameborder=\"0\" allow=\"accelerometer; autoplay; clipboard-write; encrypted-media; gyroscope; picture-in-picture; web-share\" allowfullscreen><\/iframe><\/p>\n","protected":false},"excerpt":{"rendered":"<p>&#8220;Quel bisonte con 47 perle. L&#8217;ho visto arrivare da lontano: quel bisonte della strada arancione occupava tutta la carreggiata nel passare sotto gli archi di Porta Metronia. Era il tir che arrivava da Pistoia con i nostri 47 alberi!\u00a0 Mi \u00e8 sembrato subito enorme, smisurato. Come poteva essere l\u00ec, mosso dalle piccole volont\u00e0 di uno [&hellip;]<\/p>\n","protected":false},"author":1,"featured_media":0,"parent":0,"menu_order":0,"comment_status":"closed","ping_status":"closed","template":"fullwidth.php","meta":{"footnotes":""},"_links":{"self":[{"href":"https:\/\/www.trastevereattiva.org\/index.php\/wp-json\/wp\/v2\/pages\/1133"}],"collection":[{"href":"https:\/\/www.trastevereattiva.org\/index.php\/wp-json\/wp\/v2\/pages"}],"about":[{"href":"https:\/\/www.trastevereattiva.org\/index.php\/wp-json\/wp\/v2\/types\/page"}],"author":[{"embeddable":true,"href":"https:\/\/www.trastevereattiva.org\/index.php\/wp-json\/wp\/v2\/users\/1"}],"replies":[{"embeddable":true,"href":"https:\/\/www.trastevereattiva.org\/index.php\/wp-json\/wp\/v2\/comments?post=1133"}],"version-history":[{"count":11,"href":"https:\/\/www.trastevereattiva.org\/index.php\/wp-json\/wp\/v2\/pages\/1133\/revisions"}],"predecessor-version":[{"id":1145,"href":"https:\/\/www.trastevereattiva.org\/index.php\/wp-json\/wp\/v2\/pages\/1133\/revisions\/1145"}],"wp:attachment":[{"href":"https:\/\/www.trastevereattiva.org\/index.php\/wp-json\/wp\/v2\/media?parent=1133"}],"curies":[{"name":"wp","href":"https:\/\/api.w.org\/{rel}","templated":true}]}}