{"id":171,"date":"2015-07-31T23:10:46","date_gmt":"2015-07-31T21:10:46","guid":{"rendered":"http:\/\/www.trastevereattiva.org\/?page_id=171"},"modified":"2018-07-24T20:24:19","modified_gmt":"2018-07-24T18:24:19","slug":"area-giochi-piazza-san-cosimato","status":"publish","type":"page","link":"https:\/\/www.trastevereattiva.org\/index.php\/eventi\/area-giochi-piazza-san-cosimato\/","title":{"rendered":"AREA GIOCHI piazza San Cosimato &#8211; ADOZIONE"},"content":{"rendered":"<p>Quest\u2019area, per lungo tempo, \u00e8 rimasta aperta durante la notte, per carenza di personale del servizio comunale preposto, esposta al degrado causato da &#8220;attivit\u00e0 notturne&#8221; non adatte ad una area giochi per bambini. Visto che nessuno se ne prendeva cura, in accordo con l\u2019Assessorato all\u2019Ambiente, i volontari di Trastevere ATTIVA si sono presi la responsabilit\u00e0 di aprirla e chiuderla\u00a0ogni giorno.<br \/>\nOra l&#8217;area sar\u00e0 pi\u00f9 accogliente per iniziative ludiche e didattiche che stiamo progettando con altre realt\u00e0 del rione!\u00a0(giugno 2015)<\/p>\n<hr \/>\n<p><em><strong>PLAYGROUND\u00a0&#8211; PIAZZA SAN COSIMATO<\/strong><\/em><\/p>\n<p><em>For a too long time, this area remained open at night for lack of municipality personnel. It was exposed to \u201cnight activities\u201d totally inappropriate for a playground. Since nobody was caring for the area, with the help of the Department of Environment Counselor, Trastevere Attiva\u2019s volunteers took upon themselves the responsibility to open and close the playground every day. Now the area is dedicated to children and games and informative and instructional activities we are planning in the neighborbood (June 2015)<\/em><\/p>\n<div id='gallery-1' class='gallery galleryid-171 gallery-columns-2 gallery-size-large'><figure class='gallery-item'>\n\t\t\t<div class='gallery-icon portrait'>\n\t\t\t\t<img loading=\"lazy\" decoding=\"async\" width=\"724\" height=\"1024\" src=\"https:\/\/www.trastevereattiva.org\/wp-content\/uploads\/2015\/07\/Area-giochi-San-Cosimato-E1-724x1024.jpg\" class=\"attachment-large size-large\" alt=\"\" srcset=\"https:\/\/www.trastevereattiva.org\/wp-content\/uploads\/2015\/07\/Area-giochi-San-Cosimato-E1-724x1024.jpg 724w, https:\/\/www.trastevereattiva.org\/wp-content\/uploads\/2015\/07\/Area-giochi-San-Cosimato-E1-212x300.jpg 212w, https:\/\/www.trastevereattiva.org\/wp-content\/uploads\/2015\/07\/Area-giochi-San-Cosimato-E1.jpg 1697w\" sizes=\"(max-width: 724px) 100vw, 724px\" \/>\n\t\t\t<\/div><\/figure><figure class='gallery-item'>\n\t\t\t<div class='gallery-icon portrait'>\n\t\t\t\t<img loading=\"lazy\" decoding=\"async\" width=\"710\" height=\"1024\" src=\"https:\/\/www.trastevereattiva.org\/wp-content\/uploads\/2015\/07\/FB-San-Cosimato-area-giochi-feb2015-A-1-710x1024.jpg\" class=\"attachment-large size-large\" alt=\"\" srcset=\"https:\/\/www.trastevereattiva.org\/wp-content\/uploads\/2015\/07\/FB-San-Cosimato-area-giochi-feb2015-A-1-710x1024.jpg 710w, https:\/\/www.trastevereattiva.org\/wp-content\/uploads\/2015\/07\/FB-San-Cosimato-area-giochi-feb2015-A-1-208x300.jpg 208w, https:\/\/www.trastevereattiva.org\/wp-content\/uploads\/2015\/07\/FB-San-Cosimato-area-giochi-feb2015-A-1.jpg 763w\" sizes=\"(max-width: 710px) 100vw, 710px\" \/>\n\t\t\t<\/div><\/figure><figure class='gallery-item'>\n\t\t\t<div class='gallery-icon portrait'>\n\t\t\t\t<img loading=\"lazy\" decoding=\"async\" width=\"765\" height=\"1024\" src=\"https:\/\/www.trastevereattiva.org\/wp-content\/uploads\/2015\/07\/IMG_5453-765x1024.jpg\" class=\"attachment-large size-large\" alt=\"\" srcset=\"https:\/\/www.trastevereattiva.org\/wp-content\/uploads\/2015\/07\/IMG_5453-765x1024.jpg 765w, https:\/\/www.trastevereattiva.org\/wp-content\/uploads\/2015\/07\/IMG_5453-224x300.jpg 224w, https:\/\/www.trastevereattiva.org\/wp-content\/uploads\/2015\/07\/IMG_5453.jpg 847w\" sizes=\"(max-width: 765px) 100vw, 765px\" \/>\n\t\t\t<\/div><\/figure><figure class='gallery-item'>\n\t\t\t<div class='gallery-icon portrait'>\n\t\t\t\t<img loading=\"lazy\" decoding=\"async\" width=\"724\" height=\"1024\" src=\"https:\/\/www.trastevereattiva.org\/wp-content\/uploads\/2015\/07\/Area-giochi-San-Cosimato-DOPO-B-724x1024.jpg\" class=\"attachment-large size-large\" alt=\"\" srcset=\"https:\/\/www.trastevereattiva.org\/wp-content\/uploads\/2015\/07\/Area-giochi-San-Cosimato-DOPO-B-724x1024.jpg 724w, https:\/\/www.trastevereattiva.org\/wp-content\/uploads\/2015\/07\/Area-giochi-San-Cosimato-DOPO-B-212x300.jpg 212w, https:\/\/www.trastevereattiva.org\/wp-content\/uploads\/2015\/07\/Area-giochi-San-Cosimato-DOPO-B.jpg 1754w\" sizes=\"(max-width: 724px) 100vw, 724px\" \/>\n\t\t\t<\/div><\/figure><figure class='gallery-item'>\n\t\t\t<div class='gallery-icon landscape'>\n\t\t\t\t<img loading=\"lazy\" decoding=\"async\" width=\"1024\" height=\"765\" src=\"https:\/\/www.trastevereattiva.org\/wp-content\/uploads\/2015\/09\/IMG_6220-1024x765.jpg\" class=\"attachment-large size-large\" alt=\"\" srcset=\"https:\/\/www.trastevereattiva.org\/wp-content\/uploads\/2015\/09\/IMG_6220-1024x765.jpg 1024w, https:\/\/www.trastevereattiva.org\/wp-content\/uploads\/2015\/09\/IMG_6220-300x224.jpg 300w\" sizes=\"(max-width: 1024px) 100vw, 1024px\" \/>\n\t\t\t<\/div><\/figure><figure class='gallery-item'>\n\t\t\t<div class='gallery-icon landscape'>\n\t\t\t\t<img loading=\"lazy\" decoding=\"async\" width=\"1024\" height=\"765\" src=\"https:\/\/www.trastevereattiva.org\/wp-content\/uploads\/2015\/09\/IMG_6222-1024x765.jpg\" class=\"attachment-large size-large\" alt=\"\" srcset=\"https:\/\/www.trastevereattiva.org\/wp-content\/uploads\/2015\/09\/IMG_6222-1024x765.jpg 1024w, https:\/\/www.trastevereattiva.org\/wp-content\/uploads\/2015\/09\/IMG_6222-300x224.jpg 300w\" sizes=\"(max-width: 1024px) 100vw, 1024px\" \/>\n\t\t\t<\/div><\/figure><figure class='gallery-item'>\n\t\t\t<div class='gallery-icon landscape'>\n\t\t\t\t<img loading=\"lazy\" decoding=\"async\" width=\"1024\" height=\"765\" src=\"https:\/\/www.trastevereattiva.org\/wp-content\/uploads\/2015\/09\/IMG_6200-1024x765.jpg\" class=\"attachment-large size-large\" alt=\"\" srcset=\"https:\/\/www.trastevereattiva.org\/wp-content\/uploads\/2015\/09\/IMG_6200-1024x765.jpg 1024w, https:\/\/www.trastevereattiva.org\/wp-content\/uploads\/2015\/09\/IMG_6200-300x224.jpg 300w\" sizes=\"(max-width: 1024px) 100vw, 1024px\" \/>\n\t\t\t<\/div><\/figure><figure class='gallery-item'>\n\t\t\t<div class='gallery-icon landscape'>\n\t\t\t\t<img loading=\"lazy\" decoding=\"async\" width=\"1024\" height=\"765\" src=\"https:\/\/www.trastevereattiva.org\/wp-content\/uploads\/2015\/09\/IMG_6195-1024x765.jpg\" class=\"attachment-large size-large\" alt=\"\" srcset=\"https:\/\/www.trastevereattiva.org\/wp-content\/uploads\/2015\/09\/IMG_6195-1024x765.jpg 1024w, https:\/\/www.trastevereattiva.org\/wp-content\/uploads\/2015\/09\/IMG_6195-300x224.jpg 300w\" sizes=\"(max-width: 1024px) 100vw, 1024px\" \/>\n\t\t\t<\/div><\/figure><figure class='gallery-item'>\n\t\t\t<div class='gallery-icon portrait'>\n\t\t\t\t<img loading=\"lazy\" decoding=\"async\" width=\"765\" height=\"1024\" src=\"https:\/\/www.trastevereattiva.org\/wp-content\/uploads\/2015\/09\/IMG_6173-765x1024.jpg\" class=\"attachment-large size-large\" alt=\"\" srcset=\"https:\/\/www.trastevereattiva.org\/wp-content\/uploads\/2015\/09\/IMG_6173-765x1024.jpg 765w, https:\/\/www.trastevereattiva.org\/wp-content\/uploads\/2015\/09\/IMG_6173-224x300.jpg 224w, https:\/\/www.trastevereattiva.org\/wp-content\/uploads\/2015\/09\/IMG_6173.jpg 1936w\" sizes=\"(max-width: 765px) 100vw, 765px\" \/>\n\t\t\t<\/div><\/figure><figure class='gallery-item'>\n\t\t\t<div class='gallery-icon portrait'>\n\t\t\t\t<img loading=\"lazy\" decoding=\"async\" width=\"765\" height=\"1024\" src=\"https:\/\/www.trastevereattiva.org\/wp-content\/uploads\/2015\/09\/IMG_6169-765x1024.jpg\" class=\"attachment-large size-large\" alt=\"\" srcset=\"https:\/\/www.trastevereattiva.org\/wp-content\/uploads\/2015\/09\/IMG_6169-765x1024.jpg 765w, https:\/\/www.trastevereattiva.org\/wp-content\/uploads\/2015\/09\/IMG_6169-224x300.jpg 224w, https:\/\/www.trastevereattiva.org\/wp-content\/uploads\/2015\/09\/IMG_6169.jpg 1936w\" sizes=\"(max-width: 765px) 100vw, 765px\" \/>\n\t\t\t<\/div><\/figure><figure class='gallery-item'>\n\t\t\t<div class='gallery-icon landscape'>\n\t\t\t\t<img loading=\"lazy\" decoding=\"async\" width=\"1024\" height=\"765\" src=\"https:\/\/www.trastevereattiva.org\/wp-content\/uploads\/2015\/09\/IMG_6186-1024x765.jpg\" class=\"attachment-large size-large\" alt=\"\" srcset=\"https:\/\/www.trastevereattiva.org\/wp-content\/uploads\/2015\/09\/IMG_6186-1024x765.jpg 1024w, https:\/\/www.trastevereattiva.org\/wp-content\/uploads\/2015\/09\/IMG_6186-300x224.jpg 300w\" sizes=\"(max-width: 1024px) 100vw, 1024px\" \/>\n\t\t\t<\/div><\/figure><figure class='gallery-item'>\n\t\t\t<div class='gallery-icon landscape'>\n\t\t\t\t<img loading=\"lazy\" decoding=\"async\" width=\"1024\" height=\"765\" src=\"https:\/\/www.trastevereattiva.org\/wp-content\/uploads\/2015\/09\/IMG_6163-1024x765.jpg\" class=\"attachment-large size-large\" alt=\"\" srcset=\"https:\/\/www.trastevereattiva.org\/wp-content\/uploads\/2015\/09\/IMG_6163-1024x765.jpg 1024w, https:\/\/www.trastevereattiva.org\/wp-content\/uploads\/2015\/09\/IMG_6163-300x224.jpg 300w\" sizes=\"(max-width: 1024px) 100vw, 1024px\" \/>\n\t\t\t<\/div><\/figure>\n\t\t<\/div>\n\n","protected":false},"excerpt":{"rendered":"<p>Quest\u2019area, per lungo tempo, \u00e8 rimasta aperta durante la notte, per carenza di personale del servizio comunale preposto, esposta al degrado causato da &#8220;attivit\u00e0 notturne&#8221; non adatte ad una area giochi per bambini. Visto che nessuno se ne prendeva cura, in accordo con l\u2019Assessorato all\u2019Ambiente, i volontari di Trastevere ATTIVA si sono presi la responsabilit\u00e0 [&hellip;]<\/p>\n","protected":false},"author":1,"featured_media":0,"parent":16,"menu_order":0,"comment_status":"closed","ping_status":"open","template":"fullwidth.php","meta":{"footnotes":""},"_links":{"self":[{"href":"https:\/\/www.trastevereattiva.org\/index.php\/wp-json\/wp\/v2\/pages\/171"}],"collection":[{"href":"https:\/\/www.trastevereattiva.org\/index.php\/wp-json\/wp\/v2\/pages"}],"about":[{"href":"https:\/\/www.trastevereattiva.org\/index.php\/wp-json\/wp\/v2\/types\/page"}],"author":[{"embeddable":true,"href":"https:\/\/www.trastevereattiva.org\/index.php\/wp-json\/wp\/v2\/users\/1"}],"replies":[{"embeddable":true,"href":"https:\/\/www.trastevereattiva.org\/index.php\/wp-json\/wp\/v2\/comments?post=171"}],"version-history":[{"count":18,"href":"https:\/\/www.trastevereattiva.org\/index.php\/wp-json\/wp\/v2\/pages\/171\/revisions"}],"predecessor-version":[{"id":3336,"href":"https:\/\/www.trastevereattiva.org\/index.php\/wp-json\/wp\/v2\/pages\/171\/revisions\/3336"}],"up":[{"embeddable":true,"href":"https:\/\/www.trastevereattiva.org\/index.php\/wp-json\/wp\/v2\/pages\/16"}],"wp:attachment":[{"href":"https:\/\/www.trastevereattiva.org\/index.php\/wp-json\/wp\/v2\/media?parent=171"}],"curies":[{"name":"wp","href":"https:\/\/api.w.org\/{rel}","templated":true}]}}