{"id":27,"date":"2015-07-27T16:18:38","date_gmt":"2015-07-27T14:18:38","guid":{"rendered":"http:\/\/www.trastevereattiva.org\/?page_id=27"},"modified":"2024-11-14T10:33:16","modified_gmt":"2024-11-14T09:33:16","slug":"chi-siamo","status":"publish","type":"page","link":"https:\/\/www.trastevereattiva.org\/index.php\/chi-siamo\/","title":{"rendered":"Chi siamo | About us"},"content":{"rendered":"\n<p>L\u2019associazione Trastevere Attiva ODV non ha scopo di lucro, \u00e8 apolitica e apartitica.<\/p>\n\n\n\n<p>E&#8217; una ODV (Organizzazione di Volontariato) regolarmente iscritta al Registro della Regione Lazio (det. n. 4276 del 24\/02\/21), codice fiscale 97862410582.<\/p>\n\n\n\n<p>Si prefigge di&nbsp;coinvolgere gli abitanti del quartiere ad occuparsi dei beni comuni nel proprio territorio, sia personalmente che attraverso le istituzioni. Desidera far emergere non solo i bisogni ma anche le capacit\u00e0 individuali, per formare una comunit\u00e0 amicale e solidale.<\/p>\n\n\n\n<p>Persegue finalit\u00e0 di valorizzazione socio-culturale e di solidariet\u00e0 sociale svolgendo attivit\u00e0 nei settori:<\/p>\n\n\n\n<ul>\n<li>cultura<\/li>\n\n\n\n<li>educazione e formazione<\/li>\n\n\n\n<li>tutela e valorizzazione dell\u2019ambiente<\/li>\n\n\n\n<li>tutela del patrimonio<\/li>\n\n\n\n<li>promozione e mantenimento del decoro urbano<\/li>\n<\/ul>\n\n\n\n<p>Basa la sua attivit\u00e0 nel rispetto dei principi democratici e della partecipazione attiva nonch\u00e9 della massima integrazione tra i soci, indipendentemente dalla razza, religione, nazionalit\u00e0, sesso e idee politiche, ma che si riconoscono nei regolamenti della Associazione. Accoglie tutti coloro che vogliono essere attivi per rendere il quartiere migliore, pi\u00f9 sicuro, pi\u00f9 pulito, a misura di bambino e di anziano, al fine di creare una comunit\u00e0 coesa per affrontare problemi e disagi e dare il suo contributo.<\/p>\n\n\n\n<hr class=\"wp-block-separator has-alpha-channel-opacity\"\/>\n\n\n\n<p><strong>COSA POSSIAMO FARE<\/strong><\/p>\n\n\n\n<ul>\n<li>individuare e pulire aree degradate<\/li>\n\n\n\n<li>azioni di ripristino del decoro urbano (pulizia graffiti, rimozione adesivi e affissioni abusive)<\/li>\n\n\n\n<li>interventi nelle scuole di quartiere per sensibilizzare i ragazzi al valore e alla cura dei nostri spazi e del patrimonio artistico-culturale di Trastevere<\/li>\n\n\n\n<li>segnalare alle istituzioni pubbliche le situazioni di degrado<\/li>\n\n\n\n<li>collaborare con le istituzioni per la progettazione di interventi sul territorio<\/li>\n\n\n\n<li>incoraggiare le attivit\u00e0 culturali e sociali che si svolgono sul nostro territorio<\/li>\n\n\n\n<li>organizzare, anche in collaborazione con altre associazioni ed enti pubblici o privati,&nbsp; eventi culturali, convegni, interventi informativi e formativi per la cittadinanza.<\/li>\n<\/ul>\n\n\n\n<hr class=\"wp-block-separator has-alpha-channel-opacity\"\/>\n\n\n\n<p><strong><span style=\"line-height: 1.5;\">COME<\/span><\/strong><\/p>\n\n\n\n<ul>\n<li>applichiamo la nostra <strong>BUONA VOLONTA&#8217;<\/strong>&nbsp;e cerchiamo di stimolare e coordinare quella altrui<\/li>\n\n\n\n<li>preferiamo <strong>FARE<\/strong>&nbsp;pi\u00f9 che denunciare e <strong>COLLABORARE<\/strong>&nbsp;pi\u00f9 che opporci<\/li>\n\n\n\n<li>cerchiamo di alimentare <strong>SENSO CIVICO<\/strong>&nbsp;e&nbsp;<strong>RESPONSABILIZZAZIONE<\/strong>\u2022 in gruppo, con gioia e piacere<\/li>\n\n\n\n<li>valorizziamo le relazioni umane nel nostro tessuto sociale<\/li>\n\n\n\n<li>senza paura di mettersi in gioco<\/li>\n\n\n\n<li>senza limiti di et\u00e0 (basta lo spirito giusto)<\/li>\n\n\n\n<li>collaborando con altre associazioni affini.<\/li>\n<\/ul>\n\n\n\n<hr class=\"wp-block-separator has-alpha-channel-opacity\"\/>\n\n\n\n<p><a href=\"http:\/\/www.trastevereattiva.org\/wp-content\/uploads\/2024\/11\/TA-Statuto-nuovo-2021-reg-Ag.Entrate-X-SITO.pdf\" target=\"_blank\" rel=\"noreferrer noopener\">Clicca qui per scaricare lo Statuto di Trastevere Attiva.<\/a><\/p>\n\n\n\n<hr class=\"wp-block-separator has-alpha-channel-opacity\"\/>\n\n\n\n<p><em>TRASTEVERE ATTIVA \u2013 ACTIVE TRASTEVERE is a non-profit, non-political Association. It aims to involve neighborhood residents to care for the common wealth in their territory, both personally and through institutions; it wishes to bring up both individual needs and capabilities in order to form a friendly and jointly responsible community. It pursues objectives apt to endorse socio-<\/em>c<em>ultural values and solidarity by conducting activities in the following sectors:<\/em><\/p>\n\n\n\n<ul>\n<li><em>culture<\/em><\/li>\n\n\n\n<li><em>education and formation<\/em><\/li>\n\n\n\n<li><em>safeguard and appreciation of the environment<\/em><\/li>\n\n\n\n<li><em>safeguard of heritage<\/em><\/li>\n\n\n\n<li><em>promotion and upkeep of urban decorum<\/em><\/li>\n<\/ul>\n\n\n\n<p><em>Its activities are based on the respect of democratic principles and active participation as well as maximum integration among members of all nationalities, religions, gender and political ideas who recognize themselves in the norms of the Association. It welcomes all those who wish to be active in improving their neighborhood, in making it cleaner and safer for children and elders in order to form a cohesive community willing to face problems and discomforts and offer their contribution.<\/em><\/p>\n\n\n\n<hr class=\"wp-block-separator has-alpha-channel-opacity\"\/>\n\n\n\n<p><em><strong>WHAT WE CAN DO<\/strong><\/em><\/p>\n\n\n\n<ul>\n<li><em>select and clean up deteriorated areas<\/em><\/li>\n\n\n\n<li><em>refurbish urban decorum (removal of graffiti, adhesives and illegal billpostings)<\/em><\/li>\n\n\n\n<li><em>give presentations in neighborhood schools to sensitize children to the value and care of our spaces<\/em><\/li>\n\n\n\n<li><em>and the artistic-cultural heritage of Trastevere<\/em><\/li>\n\n\n\n<li><em>make public institutions aware of situations of deterioration<\/em><\/li>\n\n\n\n<li><em>cooperate with institutions in planning interventions in the territory<\/em><\/li>\n\n\n\n<li><em>encourage cultural and social activities in the area<\/em><\/li>\n\n\n\n<li><em>organize cultural events, meetings, informative and formative activities for the citizens also in collaboration with other associations and private and public institutions<\/em><\/li>\n<\/ul>\n\n\n\n<hr class=\"wp-block-separator has-alpha-channel-opacity\"\/>\n\n\n\n<p><em><strong>HOW<\/strong><\/em><\/p>\n\n\n\n<ul>\n<li><em>we apply our goodwill and try to stimulate and coordinate others\u2019 goodwill<\/em><\/li>\n\n\n\n<li><em>we prefer doing over denouncing and collaborating over opposing<\/em><\/li>\n\n\n\n<li><em>we try to increase a CIVIC SENSE and EMPOWERMENT as a group, with joy and pleasure<\/em><\/li>\n\n\n\n<li><em>we value human relationships in our social network<\/em><\/li>\n\n\n\n<li><em>&nbsp;we do not fear exposing ourselves<\/em><\/li>\n\n\n\n<li><em>we are open to individuals of all ages who exibit the righ spirit<\/em><\/li>\n\n\n\n<li><em>*we collaborate with other associations with similar goals<\/em><\/li>\n<\/ul>\n","protected":false},"excerpt":{"rendered":"<p>L\u2019associazione Trastevere Attiva ODV non ha scopo di lucro, \u00e8 apolitica e apartitica. E&#8217; una ODV (Organizzazione di Volontariato) regolarmente iscritta al Registro della Regione Lazio (det. n. 4276 del 24\/02\/21), codice fiscale 97862410582. Si prefigge di&nbsp;coinvolgere gli abitanti del quartiere ad occuparsi dei beni comuni nel proprio territorio, sia personalmente che attraverso le istituzioni. [&hellip;]<\/p>\n","protected":false},"author":1,"featured_media":0,"parent":0,"menu_order":0,"comment_status":"closed","ping_status":"closed","template":"fullwidth.php","meta":{"footnotes":""},"_links":{"self":[{"href":"https:\/\/www.trastevereattiva.org\/index.php\/wp-json\/wp\/v2\/pages\/27"}],"collection":[{"href":"https:\/\/www.trastevereattiva.org\/index.php\/wp-json\/wp\/v2\/pages"}],"about":[{"href":"https:\/\/www.trastevereattiva.org\/index.php\/wp-json\/wp\/v2\/types\/page"}],"author":[{"embeddable":true,"href":"https:\/\/www.trastevereattiva.org\/index.php\/wp-json\/wp\/v2\/users\/1"}],"replies":[{"embeddable":true,"href":"https:\/\/www.trastevereattiva.org\/index.php\/wp-json\/wp\/v2\/comments?post=27"}],"version-history":[{"count":20,"href":"https:\/\/www.trastevereattiva.org\/index.php\/wp-json\/wp\/v2\/pages\/27\/revisions"}],"predecessor-version":[{"id":5246,"href":"https:\/\/www.trastevereattiva.org\/index.php\/wp-json\/wp\/v2\/pages\/27\/revisions\/5246"}],"wp:attachment":[{"href":"https:\/\/www.trastevereattiva.org\/index.php\/wp-json\/wp\/v2\/media?parent=27"}],"curies":[{"name":"wp","href":"https:\/\/api.w.org\/{rel}","templated":true}]}}