{"id":2914,"date":"2017-04-28T17:12:38","date_gmt":"2017-04-28T15:12:38","guid":{"rendered":"http:\/\/www.trastevereattiva.org\/?page_id=2914"},"modified":"2017-04-28T17:22:01","modified_gmt":"2017-04-28T15:22:01","slug":"area-verde-piazza-san-cosimato-i-bambini-manutenzione","status":"publish","type":"page","link":"https:\/\/www.trastevereattiva.org\/index.php\/area-verde-piazza-san-cosimato-i-bambini-manutenzione\/","title":{"rendered":"Area verde piazza San Cosimato \u2013 I BAMBINI: manutenzione"},"content":{"rendered":"<p>In una Trastevere ferita da incivilt\u00e0 e vandalismo notturno, <strong>nessuno avrebbe scommesso un centesimo sul fatto che la piccola area verde di piazza San Cosimato da noi riqualificata si sarebbe mantenuta!<\/strong><\/p>\n<p><strong>Invece \u2026 nessun furto, distruzione o degrado!<\/strong><br \/>\nForse perch\u00e9 in tanti (circa 250) hanno contribuito alla sua realizzazione o perch\u00e9, insieme alle nuove piantine, abbiamo interrato anche un pezzetto dei nostri cuori; forse perch\u00e9 tutti i marted\u00ec pomeriggio una squadra di volontari l&#8217;accudisce regolarmente o perch\u00e9 abbiamo coinvolto anche i bambini della Scuola Regina Margherita \u2026<br \/>\nAnche questa volta ne sono venuti altri 48 per aiutarci a curarla e &#8230; seguiranno altre attivit\u00e0 in accordo con la scuola.<\/p>\n<p>Questo risultato noi lo abbiamo chiamato un piccolo <span style=\"color: #ff0000;\"><em>\u201cmiracolo sociale\u201d<\/em><\/span>. E\u2019 la dimostrazione che se \u00e8 vero che <em><strong>\u201cdegrado-porta-degrado\u201d<\/strong><\/em>, altrettanto vero \u00e8 che <em><strong>\u201cbellezza-porta-bellezza\u201d<\/strong><\/em>!<\/p>\n<p>Continuiamo su questa strada!<\/p>\n<div id='gallery-1' class='gallery galleryid-2914 gallery-columns-2 gallery-size-large'><figure class='gallery-item'>\n\t\t\t<div class='gallery-icon landscape'>\n\t\t\t\t<img loading=\"lazy\" decoding=\"async\" width=\"1024\" height=\"768\" src=\"https:\/\/www.trastevereattiva.org\/wp-content\/uploads\/2017\/04\/IMG_3270-1024x768.jpg\" class=\"attachment-large size-large\" alt=\"\" srcset=\"https:\/\/www.trastevereattiva.org\/wp-content\/uploads\/2017\/04\/IMG_3270-1024x768.jpg 1024w, https:\/\/www.trastevereattiva.org\/wp-content\/uploads\/2017\/04\/IMG_3270-300x225.jpg 300w, https:\/\/www.trastevereattiva.org\/wp-content\/uploads\/2017\/04\/IMG_3270-768x576.jpg 768w\" sizes=\"(max-width: 1024px) 100vw, 1024px\" \/>\n\t\t\t<\/div><\/figure><figure class='gallery-item'>\n\t\t\t<div class='gallery-icon landscape'>\n\t\t\t\t<img loading=\"lazy\" decoding=\"async\" width=\"1024\" height=\"768\" src=\"https:\/\/www.trastevereattiva.org\/wp-content\/uploads\/2017\/04\/IMG_3273-1024x768.jpg\" class=\"attachment-large size-large\" alt=\"\" srcset=\"https:\/\/www.trastevereattiva.org\/wp-content\/uploads\/2017\/04\/IMG_3273-1024x768.jpg 1024w, https:\/\/www.trastevereattiva.org\/wp-content\/uploads\/2017\/04\/IMG_3273-300x225.jpg 300w, https:\/\/www.trastevereattiva.org\/wp-content\/uploads\/2017\/04\/IMG_3273-768x576.jpg 768w\" sizes=\"(max-width: 1024px) 100vw, 1024px\" \/>\n\t\t\t<\/div><\/figure><figure class='gallery-item'>\n\t\t\t<div class='gallery-icon landscape'>\n\t\t\t\t<img loading=\"lazy\" decoding=\"async\" width=\"1024\" height=\"768\" src=\"https:\/\/www.trastevereattiva.org\/wp-content\/uploads\/2017\/04\/IMG_3275-1024x768.jpg\" class=\"attachment-large size-large\" alt=\"\" srcset=\"https:\/\/www.trastevereattiva.org\/wp-content\/uploads\/2017\/04\/IMG_3275-1024x768.jpg 1024w, https:\/\/www.trastevereattiva.org\/wp-content\/uploads\/2017\/04\/IMG_3275-300x225.jpg 300w, https:\/\/www.trastevereattiva.org\/wp-content\/uploads\/2017\/04\/IMG_3275-768x576.jpg 768w\" sizes=\"(max-width: 1024px) 100vw, 1024px\" \/>\n\t\t\t<\/div><\/figure><figure class='gallery-item'>\n\t\t\t<div class='gallery-icon landscape'>\n\t\t\t\t<img loading=\"lazy\" decoding=\"async\" width=\"1024\" height=\"768\" src=\"https:\/\/www.trastevereattiva.org\/wp-content\/uploads\/2017\/04\/IMG_3276-1024x768.jpg\" class=\"attachment-large size-large\" alt=\"\" srcset=\"https:\/\/www.trastevereattiva.org\/wp-content\/uploads\/2017\/04\/IMG_3276-1024x768.jpg 1024w, https:\/\/www.trastevereattiva.org\/wp-content\/uploads\/2017\/04\/IMG_3276-300x225.jpg 300w, https:\/\/www.trastevereattiva.org\/wp-content\/uploads\/2017\/04\/IMG_3276-768x576.jpg 768w\" sizes=\"(max-width: 1024px) 100vw, 1024px\" \/>\n\t\t\t<\/div><\/figure><figure class='gallery-item'>\n\t\t\t<div class='gallery-icon landscape'>\n\t\t\t\t<img loading=\"lazy\" decoding=\"async\" width=\"1024\" height=\"768\" src=\"https:\/\/www.trastevereattiva.org\/wp-content\/uploads\/2017\/04\/IMG_3280-1024x768.jpg\" class=\"attachment-large size-large\" alt=\"\" srcset=\"https:\/\/www.trastevereattiva.org\/wp-content\/uploads\/2017\/04\/IMG_3280-1024x768.jpg 1024w, https:\/\/www.trastevereattiva.org\/wp-content\/uploads\/2017\/04\/IMG_3280-300x225.jpg 300w, https:\/\/www.trastevereattiva.org\/wp-content\/uploads\/2017\/04\/IMG_3280-768x576.jpg 768w\" sizes=\"(max-width: 1024px) 100vw, 1024px\" \/>\n\t\t\t<\/div><\/figure><figure class='gallery-item'>\n\t\t\t<div class='gallery-icon landscape'>\n\t\t\t\t<img loading=\"lazy\" decoding=\"async\" width=\"1024\" height=\"768\" src=\"https:\/\/www.trastevereattiva.org\/wp-content\/uploads\/2017\/04\/IMG_3287-1024x768.jpg\" class=\"attachment-large size-large\" alt=\"\" srcset=\"https:\/\/www.trastevereattiva.org\/wp-content\/uploads\/2017\/04\/IMG_3287-1024x768.jpg 1024w, https:\/\/www.trastevereattiva.org\/wp-content\/uploads\/2017\/04\/IMG_3287-300x225.jpg 300w, https:\/\/www.trastevereattiva.org\/wp-content\/uploads\/2017\/04\/IMG_3287-768x576.jpg 768w\" sizes=\"(max-width: 1024px) 100vw, 1024px\" \/>\n\t\t\t<\/div><\/figure><figure class='gallery-item'>\n\t\t\t<div class='gallery-icon landscape'>\n\t\t\t\t<img loading=\"lazy\" decoding=\"async\" width=\"1024\" height=\"768\" src=\"https:\/\/www.trastevereattiva.org\/wp-content\/uploads\/2017\/04\/IMG_3291-1024x768.jpg\" class=\"attachment-large size-large\" alt=\"\" srcset=\"https:\/\/www.trastevereattiva.org\/wp-content\/uploads\/2017\/04\/IMG_3291-1024x768.jpg 1024w, https:\/\/www.trastevereattiva.org\/wp-content\/uploads\/2017\/04\/IMG_3291-300x225.jpg 300w, https:\/\/www.trastevereattiva.org\/wp-content\/uploads\/2017\/04\/IMG_3291-768x576.jpg 768w\" sizes=\"(max-width: 1024px) 100vw, 1024px\" \/>\n\t\t\t<\/div><\/figure><figure class='gallery-item'>\n\t\t\t<div class='gallery-icon landscape'>\n\t\t\t\t<img loading=\"lazy\" decoding=\"async\" width=\"1024\" height=\"768\" src=\"https:\/\/www.trastevereattiva.org\/wp-content\/uploads\/2017\/04\/IMG_3294-1024x768.jpg\" class=\"attachment-large size-large\" alt=\"\" srcset=\"https:\/\/www.trastevereattiva.org\/wp-content\/uploads\/2017\/04\/IMG_3294-1024x768.jpg 1024w, https:\/\/www.trastevereattiva.org\/wp-content\/uploads\/2017\/04\/IMG_3294-300x225.jpg 300w, https:\/\/www.trastevereattiva.org\/wp-content\/uploads\/2017\/04\/IMG_3294-768x576.jpg 768w\" sizes=\"(max-width: 1024px) 100vw, 1024px\" \/>\n\t\t\t<\/div><\/figure><figure class='gallery-item'>\n\t\t\t<div class='gallery-icon landscape'>\n\t\t\t\t<img loading=\"lazy\" decoding=\"async\" width=\"1024\" height=\"768\" src=\"https:\/\/www.trastevereattiva.org\/wp-content\/uploads\/2017\/04\/IMG_3295-1024x768.jpg\" class=\"attachment-large size-large\" alt=\"\" srcset=\"https:\/\/www.trastevereattiva.org\/wp-content\/uploads\/2017\/04\/IMG_3295-1024x768.jpg 1024w, https:\/\/www.trastevereattiva.org\/wp-content\/uploads\/2017\/04\/IMG_3295-300x225.jpg 300w, https:\/\/www.trastevereattiva.org\/wp-content\/uploads\/2017\/04\/IMG_3295-768x576.jpg 768w\" sizes=\"(max-width: 1024px) 100vw, 1024px\" \/>\n\t\t\t<\/div><\/figure><figure class='gallery-item'>\n\t\t\t<div class='gallery-icon landscape'>\n\t\t\t\t<img loading=\"lazy\" decoding=\"async\" width=\"1024\" height=\"768\" src=\"https:\/\/www.trastevereattiva.org\/wp-content\/uploads\/2017\/04\/IMG_3298-1024x768.jpg\" class=\"attachment-large size-large\" alt=\"\" srcset=\"https:\/\/www.trastevereattiva.org\/wp-content\/uploads\/2017\/04\/IMG_3298-1024x768.jpg 1024w, https:\/\/www.trastevereattiva.org\/wp-content\/uploads\/2017\/04\/IMG_3298-300x225.jpg 300w, https:\/\/www.trastevereattiva.org\/wp-content\/uploads\/2017\/04\/IMG_3298-768x576.jpg 768w\" sizes=\"(max-width: 1024px) 100vw, 1024px\" \/>\n\t\t\t<\/div><\/figure><figure class='gallery-item'>\n\t\t\t<div class='gallery-icon landscape'>\n\t\t\t\t<img loading=\"lazy\" decoding=\"async\" width=\"1024\" height=\"768\" src=\"https:\/\/www.trastevereattiva.org\/wp-content\/uploads\/2017\/04\/IMG_3299-1024x768.jpg\" class=\"attachment-large size-large\" alt=\"\" srcset=\"https:\/\/www.trastevereattiva.org\/wp-content\/uploads\/2017\/04\/IMG_3299-1024x768.jpg 1024w, https:\/\/www.trastevereattiva.org\/wp-content\/uploads\/2017\/04\/IMG_3299-300x225.jpg 300w, https:\/\/www.trastevereattiva.org\/wp-content\/uploads\/2017\/04\/IMG_3299-768x576.jpg 768w\" sizes=\"(max-width: 1024px) 100vw, 1024px\" \/>\n\t\t\t<\/div><\/figure><figure class='gallery-item'>\n\t\t\t<div class='gallery-icon landscape'>\n\t\t\t\t<img loading=\"lazy\" decoding=\"async\" width=\"1024\" height=\"768\" src=\"https:\/\/www.trastevereattiva.org\/wp-content\/uploads\/2017\/04\/IMG_3305-1024x768.jpg\" class=\"attachment-large size-large\" alt=\"\" srcset=\"https:\/\/www.trastevereattiva.org\/wp-content\/uploads\/2017\/04\/IMG_3305-1024x768.jpg 1024w, https:\/\/www.trastevereattiva.org\/wp-content\/uploads\/2017\/04\/IMG_3305-300x225.jpg 300w, https:\/\/www.trastevereattiva.org\/wp-content\/uploads\/2017\/04\/IMG_3305-768x576.jpg 768w\" sizes=\"(max-width: 1024px) 100vw, 1024px\" \/>\n\t\t\t<\/div><\/figure><figure class='gallery-item'>\n\t\t\t<div class='gallery-icon landscape'>\n\t\t\t\t<img loading=\"lazy\" decoding=\"async\" width=\"1024\" height=\"768\" src=\"https:\/\/www.trastevereattiva.org\/wp-content\/uploads\/2017\/04\/IMG_3312-1024x768.jpg\" class=\"attachment-large size-large\" alt=\"\" srcset=\"https:\/\/www.trastevereattiva.org\/wp-content\/uploads\/2017\/04\/IMG_3312-1024x768.jpg 1024w, https:\/\/www.trastevereattiva.org\/wp-content\/uploads\/2017\/04\/IMG_3312-300x225.jpg 300w, https:\/\/www.trastevereattiva.org\/wp-content\/uploads\/2017\/04\/IMG_3312-768x576.jpg 768w\" sizes=\"(max-width: 1024px) 100vw, 1024px\" \/>\n\t\t\t<\/div><\/figure><figure class='gallery-item'>\n\t\t\t<div class='gallery-icon landscape'>\n\t\t\t\t<img loading=\"lazy\" decoding=\"async\" width=\"1024\" height=\"768\" src=\"https:\/\/www.trastevereattiva.org\/wp-content\/uploads\/2017\/04\/IMG_3315-1024x768.jpg\" class=\"attachment-large size-large\" alt=\"\" srcset=\"https:\/\/www.trastevereattiva.org\/wp-content\/uploads\/2017\/04\/IMG_3315-1024x768.jpg 1024w, https:\/\/www.trastevereattiva.org\/wp-content\/uploads\/2017\/04\/IMG_3315-300x225.jpg 300w, https:\/\/www.trastevereattiva.org\/wp-content\/uploads\/2017\/04\/IMG_3315-768x576.jpg 768w\" sizes=\"(max-width: 1024px) 100vw, 1024px\" \/>\n\t\t\t<\/div><\/figure><figure class='gallery-item'>\n\t\t\t<div class='gallery-icon landscape'>\n\t\t\t\t<img loading=\"lazy\" decoding=\"async\" width=\"1024\" height=\"576\" src=\"https:\/\/www.trastevereattiva.org\/wp-content\/uploads\/2017\/04\/IMG_3317-1024x576.jpg\" class=\"attachment-large size-large\" alt=\"\" srcset=\"https:\/\/www.trastevereattiva.org\/wp-content\/uploads\/2017\/04\/IMG_3317-1024x576.jpg 1024w, https:\/\/www.trastevereattiva.org\/wp-content\/uploads\/2017\/04\/IMG_3317-300x169.jpg 300w, https:\/\/www.trastevereattiva.org\/wp-content\/uploads\/2017\/04\/IMG_3317-768x432.jpg 768w, https:\/\/www.trastevereattiva.org\/wp-content\/uploads\/2017\/04\/IMG_3317.jpg 1280w\" sizes=\"(max-width: 1024px) 100vw, 1024px\" \/>\n\t\t\t<\/div><\/figure><figure class='gallery-item'>\n\t\t\t<div class='gallery-icon landscape'>\n\t\t\t\t<img loading=\"lazy\" decoding=\"async\" width=\"1024\" height=\"768\" src=\"https:\/\/www.trastevereattiva.org\/wp-content\/uploads\/2017\/04\/IMG_3321-1024x768.jpg\" class=\"attachment-large size-large\" alt=\"\" srcset=\"https:\/\/www.trastevereattiva.org\/wp-content\/uploads\/2017\/04\/IMG_3321-1024x768.jpg 1024w, https:\/\/www.trastevereattiva.org\/wp-content\/uploads\/2017\/04\/IMG_3321-300x225.jpg 300w, https:\/\/www.trastevereattiva.org\/wp-content\/uploads\/2017\/04\/IMG_3321-768x576.jpg 768w\" sizes=\"(max-width: 1024px) 100vw, 1024px\" \/>\n\t\t\t<\/div><\/figure><figure class='gallery-item'>\n\t\t\t<div class='gallery-icon landscape'>\n\t\t\t\t<img loading=\"lazy\" decoding=\"async\" width=\"1024\" height=\"768\" src=\"https:\/\/www.trastevereattiva.org\/wp-content\/uploads\/2017\/04\/IMG_3331-1024x768.jpg\" class=\"attachment-large size-large\" alt=\"\" srcset=\"https:\/\/www.trastevereattiva.org\/wp-content\/uploads\/2017\/04\/IMG_3331-1024x768.jpg 1024w, https:\/\/www.trastevereattiva.org\/wp-content\/uploads\/2017\/04\/IMG_3331-300x225.jpg 300w, https:\/\/www.trastevereattiva.org\/wp-content\/uploads\/2017\/04\/IMG_3331-768x576.jpg 768w\" sizes=\"(max-width: 1024px) 100vw, 1024px\" \/>\n\t\t\t<\/div><\/figure><figure class='gallery-item'>\n\t\t\t<div class='gallery-icon landscape'>\n\t\t\t\t<img loading=\"lazy\" decoding=\"async\" width=\"1024\" height=\"768\" src=\"https:\/\/www.trastevereattiva.org\/wp-content\/uploads\/2017\/04\/IMG_3332-1024x768.jpg\" class=\"attachment-large size-large\" alt=\"\" srcset=\"https:\/\/www.trastevereattiva.org\/wp-content\/uploads\/2017\/04\/IMG_3332-1024x768.jpg 1024w, https:\/\/www.trastevereattiva.org\/wp-content\/uploads\/2017\/04\/IMG_3332-300x225.jpg 300w, https:\/\/www.trastevereattiva.org\/wp-content\/uploads\/2017\/04\/IMG_3332-768x576.jpg 768w\" sizes=\"(max-width: 1024px) 100vw, 1024px\" \/>\n\t\t\t<\/div><\/figure><figure class='gallery-item'>\n\t\t\t<div class='gallery-icon landscape'>\n\t\t\t\t<img loading=\"lazy\" decoding=\"async\" width=\"1024\" height=\"576\" src=\"https:\/\/www.trastevereattiva.org\/wp-content\/uploads\/2017\/04\/IMG_3350-1024x576.jpg\" class=\"attachment-large size-large\" alt=\"\" srcset=\"https:\/\/www.trastevereattiva.org\/wp-content\/uploads\/2017\/04\/IMG_3350-1024x576.jpg 1024w, https:\/\/www.trastevereattiva.org\/wp-content\/uploads\/2017\/04\/IMG_3350-300x169.jpg 300w, https:\/\/www.trastevereattiva.org\/wp-content\/uploads\/2017\/04\/IMG_3350-768x432.jpg 768w, https:\/\/www.trastevereattiva.org\/wp-content\/uploads\/2017\/04\/IMG_3350.jpg 1280w\" sizes=\"(max-width: 1024px) 100vw, 1024px\" \/>\n\t\t\t<\/div><\/figure><figure class='gallery-item'>\n\t\t\t<div class='gallery-icon landscape'>\n\t\t\t\t<img loading=\"lazy\" decoding=\"async\" width=\"1024\" height=\"768\" src=\"https:\/\/www.trastevereattiva.org\/wp-content\/uploads\/2017\/04\/IMG_3360-1024x768.jpg\" class=\"attachment-large size-large\" alt=\"\" srcset=\"https:\/\/www.trastevereattiva.org\/wp-content\/uploads\/2017\/04\/IMG_3360-1024x768.jpg 1024w, https:\/\/www.trastevereattiva.org\/wp-content\/uploads\/2017\/04\/IMG_3360-300x225.jpg 300w, https:\/\/www.trastevereattiva.org\/wp-content\/uploads\/2017\/04\/IMG_3360-768x576.jpg 768w\" sizes=\"(max-width: 1024px) 100vw, 1024px\" \/>\n\t\t\t<\/div><\/figure><figure class='gallery-item'>\n\t\t\t<div class='gallery-icon landscape'>\n\t\t\t\t<img loading=\"lazy\" decoding=\"async\" width=\"1024\" height=\"768\" src=\"https:\/\/www.trastevereattiva.org\/wp-content\/uploads\/2017\/04\/IMG_3366-1024x768.jpg\" class=\"attachment-large size-large\" alt=\"\" srcset=\"https:\/\/www.trastevereattiva.org\/wp-content\/uploads\/2017\/04\/IMG_3366-1024x768.jpg 1024w, https:\/\/www.trastevereattiva.org\/wp-content\/uploads\/2017\/04\/IMG_3366-300x225.jpg 300w, https:\/\/www.trastevereattiva.org\/wp-content\/uploads\/2017\/04\/IMG_3366-768x576.jpg 768w\" sizes=\"(max-width: 1024px) 100vw, 1024px\" \/>\n\t\t\t<\/div><\/figure><figure class='gallery-item'>\n\t\t\t<div class='gallery-icon landscape'>\n\t\t\t\t<img loading=\"lazy\" decoding=\"async\" width=\"1024\" height=\"768\" src=\"https:\/\/www.trastevereattiva.org\/wp-content\/uploads\/2017\/04\/IMG_3371-1024x768.jpg\" class=\"attachment-large size-large\" alt=\"\" srcset=\"https:\/\/www.trastevereattiva.org\/wp-content\/uploads\/2017\/04\/IMG_3371-1024x768.jpg 1024w, https:\/\/www.trastevereattiva.org\/wp-content\/uploads\/2017\/04\/IMG_3371-300x225.jpg 300w, https:\/\/www.trastevereattiva.org\/wp-content\/uploads\/2017\/04\/IMG_3371-768x576.jpg 768w\" sizes=\"(max-width: 1024px) 100vw, 1024px\" \/>\n\t\t\t<\/div><\/figure><figure class='gallery-item'>\n\t\t\t<div class='gallery-icon portrait'>\n\t\t\t\t<img loading=\"lazy\" decoding=\"async\" width=\"768\" height=\"1024\" src=\"https:\/\/www.trastevereattiva.org\/wp-content\/uploads\/2017\/04\/IMG_3375-768x1024.jpg\" class=\"attachment-large size-large\" alt=\"\" srcset=\"https:\/\/www.trastevereattiva.org\/wp-content\/uploads\/2017\/04\/IMG_3375-768x1024.jpg 768w, https:\/\/www.trastevereattiva.org\/wp-content\/uploads\/2017\/04\/IMG_3375-225x300.jpg 225w\" sizes=\"(max-width: 768px) 100vw, 768px\" \/>\n\t\t\t<\/div><\/figure><figure class='gallery-item'>\n\t\t\t<div class='gallery-icon landscape'>\n\t\t\t\t<img loading=\"lazy\" decoding=\"async\" width=\"1024\" height=\"768\" src=\"https:\/\/www.trastevereattiva.org\/wp-content\/uploads\/2017\/04\/IMG_3381-1024x768.jpg\" class=\"attachment-large size-large\" alt=\"\" srcset=\"https:\/\/www.trastevereattiva.org\/wp-content\/uploads\/2017\/04\/IMG_3381-1024x768.jpg 1024w, https:\/\/www.trastevereattiva.org\/wp-content\/uploads\/2017\/04\/IMG_3381-300x225.jpg 300w, https:\/\/www.trastevereattiva.org\/wp-content\/uploads\/2017\/04\/IMG_3381-768x576.jpg 768w\" sizes=\"(max-width: 1024px) 100vw, 1024px\" \/>\n\t\t\t<\/div><\/figure>\n\t\t<\/div>\n\n","protected":false},"excerpt":{"rendered":"<p>In una Trastevere ferita da incivilt\u00e0 e vandalismo notturno, nessuno avrebbe scommesso un centesimo sul fatto che la piccola area verde di piazza San Cosimato da noi riqualificata si sarebbe mantenuta! Invece \u2026 nessun furto, distruzione o degrado! Forse perch\u00e9 in tanti (circa 250) hanno contribuito alla sua realizzazione o perch\u00e9, insieme alle nuove piantine, [&hellip;]<\/p>\n","protected":false},"author":1,"featured_media":0,"parent":0,"menu_order":0,"comment_status":"closed","ping_status":"closed","template":"fullwidth.php","meta":{"footnotes":""},"_links":{"self":[{"href":"https:\/\/www.trastevereattiva.org\/index.php\/wp-json\/wp\/v2\/pages\/2914"}],"collection":[{"href":"https:\/\/www.trastevereattiva.org\/index.php\/wp-json\/wp\/v2\/pages"}],"about":[{"href":"https:\/\/www.trastevereattiva.org\/index.php\/wp-json\/wp\/v2\/types\/page"}],"author":[{"embeddable":true,"href":"https:\/\/www.trastevereattiva.org\/index.php\/wp-json\/wp\/v2\/users\/1"}],"replies":[{"embeddable":true,"href":"https:\/\/www.trastevereattiva.org\/index.php\/wp-json\/wp\/v2\/comments?post=2914"}],"version-history":[{"count":5,"href":"https:\/\/www.trastevereattiva.org\/index.php\/wp-json\/wp\/v2\/pages\/2914\/revisions"}],"predecessor-version":[{"id":2943,"href":"https:\/\/www.trastevereattiva.org\/index.php\/wp-json\/wp\/v2\/pages\/2914\/revisions\/2943"}],"wp:attachment":[{"href":"https:\/\/www.trastevereattiva.org\/index.php\/wp-json\/wp\/v2\/media?parent=2914"}],"curies":[{"name":"wp","href":"https:\/\/api.w.org\/{rel}","templated":true}]}}