{"id":2959,"date":"2017-05-16T09:43:52","date_gmt":"2017-05-16T07:43:52","guid":{"rendered":"http:\/\/www.trastevereattiva.org\/?page_id=2959"},"modified":"2017-05-16T10:13:11","modified_gmt":"2017-05-16T08:13:11","slug":"passeggiata-urbana-maggio-2017","status":"publish","type":"page","link":"https:\/\/www.trastevereattiva.org\/index.php\/passeggiata-urbana-maggio-2017\/","title":{"rendered":"Passeggiata urbana tra natura e storia (maggio 2017)"},"content":{"rendered":"<p>Il <em><strong>Dipartimento Tutela Ambientale del Comune di Roma<\/strong><\/em> ha offerto una <strong>PASSEGGIATA URBANA<\/strong> alla nostra associazione, per ringraziarci delle attivit\u00e0 che stiamo svolgendo nel quartiere (tutela del verde con la piantumazione di 79 alberi, riqualificazione dell\u2019area verde di Piazza S. Cosimato e cura della sua area giochi, interventi di decoro urbano, attivit\u00e0 educative con i bambini della scuola e coinvolgimento civico per il rispetto dei beni comuni).<\/p>\n<p>Si \u00e8 trattato di un <span style=\"color: #ff0000;\"><strong>percorso articolato tra natura e storia<\/strong><\/span>, durante il quale siamo stati splendidamente guidati dal Direttore\u00a0<em>(Antonello Mori) <\/em>e dal Responsabile Guide <em>(Vincenzo Lipoli)<\/em> dello stesso Dipatimento; ci hanno accompagnato alla scoperta di specie botaniche rare ed esotiche e scorci del paesaggio romano che hanno delineato momenti storici e artistici fondamentali per la nostra identit\u00e0 sociale e affascinato nei secoli i pi\u00f9 famosi visitatori della citt\u00e0 eterna.<\/p>\n<p><span style=\"color: #ff0000;\">IL PERCORSO<\/span><\/p>\n<p>Partenza dal Gianicolo piazzale Garibaldi, ammirando il panorama della citt\u00e0 dalla terrazza e quindi discesa verso Villa Sciarra, entrando per effettuare un percorso ad anello tra essenze arboree esotiche insieme a quelle tipiche dell\u2019ambiente mediterraneo. La Villa \u00e8 un vero e proprio orto botanico all\u2019aperto. Uscendo dalla villa si \u00e8 proseguito in direzione di Villa Pamphilj verso l\u2019ingresso dell\u2019Arco dei Quattro Venti uno dei luoghi storici pi\u00f9 importanti della battaglia del 1849 degli eroi della Repubblica Romana. Si \u00e8 percorso il viale principale della villa passando per il Giardino del Teatro e proseguito costeggiando l\u2019acquedotto romano ancora funzionante verso il Museo di villa Vecchia di Villa Pamphilj e il Casale dei Cedrati. Quindi ci siamo incamminati verso uno dei punti sommitali al centro della Villa per ammirare nuovamente una visione panoramica della villa nel suo complesso ma soprattutto della citt\u00e0 e delle montagne vicino Roma. Dopo una breve sosta abbiamo ammirato la splendida quercia nera di pi\u00f9 di 400 anni e poi ripreso il percorso riscendendo verso la fontana e il canale artificiale che termina nel lago della Villa. Lasciatici alle spalle il lago e la sua ricca avifauna siamo tornati verso il Giardino del Teatro e raggiunto l\u2019uscita. Infine un\u2019ultima tappa panoramica a sorpresa prima di tornare verso il Gianicolo.<\/p>\n<div id='gallery-1' class='gallery galleryid-2959 gallery-columns-2 gallery-size-large'><figure class='gallery-item'>\n\t\t\t<div class='gallery-icon landscape'>\n\t\t\t\t<img loading=\"lazy\" decoding=\"async\" width=\"1024\" height=\"579\" src=\"https:\/\/www.trastevereattiva.org\/wp-content\/uploads\/2017\/05\/0-1024x579.jpg\" class=\"attachment-large size-large\" alt=\"\" srcset=\"https:\/\/www.trastevereattiva.org\/wp-content\/uploads\/2017\/05\/0-1024x579.jpg 1024w, https:\/\/www.trastevereattiva.org\/wp-content\/uploads\/2017\/05\/0-300x170.jpg 300w, https:\/\/www.trastevereattiva.org\/wp-content\/uploads\/2017\/05\/0-768x435.jpg 768w, https:\/\/www.trastevereattiva.org\/wp-content\/uploads\/2017\/05\/0.jpg 1320w\" sizes=\"(max-width: 1024px) 100vw, 1024px\" \/>\n\t\t\t<\/div><\/figure><figure class='gallery-item'>\n\t\t\t<div class='gallery-icon landscape'>\n\t\t\t\t<img loading=\"lazy\" decoding=\"async\" width=\"1024\" height=\"672\" src=\"https:\/\/www.trastevereattiva.org\/wp-content\/uploads\/2017\/05\/1-1024x672.jpg\" class=\"attachment-large size-large\" alt=\"\" srcset=\"https:\/\/www.trastevereattiva.org\/wp-content\/uploads\/2017\/05\/1-1024x672.jpg 1024w, https:\/\/www.trastevereattiva.org\/wp-content\/uploads\/2017\/05\/1-300x197.jpg 300w, https:\/\/www.trastevereattiva.org\/wp-content\/uploads\/2017\/05\/1-768x504.jpg 768w\" sizes=\"(max-width: 1024px) 100vw, 1024px\" \/>\n\t\t\t<\/div><\/figure><figure class='gallery-item'>\n\t\t\t<div class='gallery-icon landscape'>\n\t\t\t\t<img loading=\"lazy\" decoding=\"async\" width=\"1024\" height=\"681\" src=\"https:\/\/www.trastevereattiva.org\/wp-content\/uploads\/2017\/05\/2-1024x681.jpg\" class=\"attachment-large size-large\" alt=\"\" srcset=\"https:\/\/www.trastevereattiva.org\/wp-content\/uploads\/2017\/05\/2-1024x681.jpg 1024w, https:\/\/www.trastevereattiva.org\/wp-content\/uploads\/2017\/05\/2-300x200.jpg 300w, https:\/\/www.trastevereattiva.org\/wp-content\/uploads\/2017\/05\/2-768x511.jpg 768w\" sizes=\"(max-width: 1024px) 100vw, 1024px\" \/>\n\t\t\t<\/div><\/figure><figure class='gallery-item'>\n\t\t\t<div class='gallery-icon landscape'>\n\t\t\t\t<img loading=\"lazy\" decoding=\"async\" width=\"1024\" height=\"682\" src=\"https:\/\/www.trastevereattiva.org\/wp-content\/uploads\/2017\/05\/3-1024x682.jpg\" class=\"attachment-large size-large\" alt=\"\" srcset=\"https:\/\/www.trastevereattiva.org\/wp-content\/uploads\/2017\/05\/3-1024x682.jpg 1024w, https:\/\/www.trastevereattiva.org\/wp-content\/uploads\/2017\/05\/3-300x200.jpg 300w, https:\/\/www.trastevereattiva.org\/wp-content\/uploads\/2017\/05\/3-768x511.jpg 768w\" sizes=\"(max-width: 1024px) 100vw, 1024px\" \/>\n\t\t\t<\/div><\/figure><figure class='gallery-item'>\n\t\t\t<div class='gallery-icon landscape'>\n\t\t\t\t<img loading=\"lazy\" decoding=\"async\" width=\"1024\" height=\"681\" src=\"https:\/\/www.trastevereattiva.org\/wp-content\/uploads\/2017\/05\/4-1024x681.jpg\" class=\"attachment-large size-large\" alt=\"\" srcset=\"https:\/\/www.trastevereattiva.org\/wp-content\/uploads\/2017\/05\/4-1024x681.jpg 1024w, https:\/\/www.trastevereattiva.org\/wp-content\/uploads\/2017\/05\/4-300x200.jpg 300w, https:\/\/www.trastevereattiva.org\/wp-content\/uploads\/2017\/05\/4-768x511.jpg 768w\" sizes=\"(max-width: 1024px) 100vw, 1024px\" \/>\n\t\t\t<\/div><\/figure><figure class='gallery-item'>\n\t\t\t<div class='gallery-icon landscape'>\n\t\t\t\t<img loading=\"lazy\" decoding=\"async\" width=\"1024\" height=\"576\" src=\"https:\/\/www.trastevereattiva.org\/wp-content\/uploads\/2017\/05\/6-1024x576.jpg\" class=\"attachment-large size-large\" alt=\"\" srcset=\"https:\/\/www.trastevereattiva.org\/wp-content\/uploads\/2017\/05\/6-1024x576.jpg 1024w, https:\/\/www.trastevereattiva.org\/wp-content\/uploads\/2017\/05\/6-300x169.jpg 300w, https:\/\/www.trastevereattiva.org\/wp-content\/uploads\/2017\/05\/6-768x432.jpg 768w, https:\/\/www.trastevereattiva.org\/wp-content\/uploads\/2017\/05\/6.jpg 2048w\" sizes=\"(max-width: 1024px) 100vw, 1024px\" \/>\n\t\t\t<\/div><\/figure><figure class='gallery-item'>\n\t\t\t<div class='gallery-icon landscape'>\n\t\t\t\t<img loading=\"lazy\" decoding=\"async\" width=\"1024\" height=\"699\" src=\"https:\/\/www.trastevereattiva.org\/wp-content\/uploads\/2017\/05\/7-1024x699.jpg\" class=\"attachment-large size-large\" alt=\"\" srcset=\"https:\/\/www.trastevereattiva.org\/wp-content\/uploads\/2017\/05\/7-1024x699.jpg 1024w, https:\/\/www.trastevereattiva.org\/wp-content\/uploads\/2017\/05\/7-300x205.jpg 300w, https:\/\/www.trastevereattiva.org\/wp-content\/uploads\/2017\/05\/7-768x524.jpg 768w\" sizes=\"(max-width: 1024px) 100vw, 1024px\" \/>\n\t\t\t<\/div><\/figure><figure class='gallery-item'>\n\t\t\t<div class='gallery-icon portrait'>\n\t\t\t\t<img loading=\"lazy\" decoding=\"async\" width=\"768\" height=\"1024\" src=\"https:\/\/www.trastevereattiva.org\/wp-content\/uploads\/2017\/05\/8-768x1024.jpg\" class=\"attachment-large size-large\" alt=\"\" srcset=\"https:\/\/www.trastevereattiva.org\/wp-content\/uploads\/2017\/05\/8-768x1024.jpg 768w, https:\/\/www.trastevereattiva.org\/wp-content\/uploads\/2017\/05\/8-225x300.jpg 225w\" sizes=\"(max-width: 768px) 100vw, 768px\" \/>\n\t\t\t<\/div><\/figure><figure class='gallery-item'>\n\t\t\t<div class='gallery-icon landscape'>\n\t\t\t\t<img loading=\"lazy\" decoding=\"async\" width=\"1024\" height=\"687\" src=\"https:\/\/www.trastevereattiva.org\/wp-content\/uploads\/2017\/05\/9-1024x687.jpg\" class=\"attachment-large size-large\" alt=\"\" srcset=\"https:\/\/www.trastevereattiva.org\/wp-content\/uploads\/2017\/05\/9-1024x687.jpg 1024w, https:\/\/www.trastevereattiva.org\/wp-content\/uploads\/2017\/05\/9-300x201.jpg 300w, https:\/\/www.trastevereattiva.org\/wp-content\/uploads\/2017\/05\/9-768x515.jpg 768w\" sizes=\"(max-width: 1024px) 100vw, 1024px\" \/>\n\t\t\t<\/div><\/figure><figure class='gallery-item'>\n\t\t\t<div class='gallery-icon landscape'>\n\t\t\t\t<img loading=\"lazy\" decoding=\"async\" width=\"1024\" height=\"691\" src=\"https:\/\/www.trastevereattiva.org\/wp-content\/uploads\/2017\/05\/10-1024x691.jpg\" class=\"attachment-large size-large\" alt=\"\" srcset=\"https:\/\/www.trastevereattiva.org\/wp-content\/uploads\/2017\/05\/10-1024x691.jpg 1024w, https:\/\/www.trastevereattiva.org\/wp-content\/uploads\/2017\/05\/10-300x203.jpg 300w, https:\/\/www.trastevereattiva.org\/wp-content\/uploads\/2017\/05\/10-768x518.jpg 768w\" sizes=\"(max-width: 1024px) 100vw, 1024px\" \/>\n\t\t\t<\/div><\/figure><figure class='gallery-item'>\n\t\t\t<div class='gallery-icon landscape'>\n\t\t\t\t<img loading=\"lazy\" decoding=\"async\" width=\"1024\" height=\"681\" src=\"https:\/\/www.trastevereattiva.org\/wp-content\/uploads\/2017\/05\/11-1024x681.jpg\" class=\"attachment-large size-large\" alt=\"\" srcset=\"https:\/\/www.trastevereattiva.org\/wp-content\/uploads\/2017\/05\/11-1024x681.jpg 1024w, https:\/\/www.trastevereattiva.org\/wp-content\/uploads\/2017\/05\/11-300x200.jpg 300w, https:\/\/www.trastevereattiva.org\/wp-content\/uploads\/2017\/05\/11-768x511.jpg 768w\" sizes=\"(max-width: 1024px) 100vw, 1024px\" \/>\n\t\t\t<\/div><\/figure><figure class='gallery-item'>\n\t\t\t<div class='gallery-icon landscape'>\n\t\t\t\t<img loading=\"lazy\" decoding=\"async\" width=\"1024\" height=\"672\" src=\"https:\/\/www.trastevereattiva.org\/wp-content\/uploads\/2017\/05\/13-1024x672.jpg\" class=\"attachment-large size-large\" alt=\"\" srcset=\"https:\/\/www.trastevereattiva.org\/wp-content\/uploads\/2017\/05\/13-1024x672.jpg 1024w, https:\/\/www.trastevereattiva.org\/wp-content\/uploads\/2017\/05\/13-300x197.jpg 300w, https:\/\/www.trastevereattiva.org\/wp-content\/uploads\/2017\/05\/13-768x504.jpg 768w\" sizes=\"(max-width: 1024px) 100vw, 1024px\" \/>\n\t\t\t<\/div><\/figure><figure class='gallery-item'>\n\t\t\t<div class='gallery-icon landscape'>\n\t\t\t\t<img loading=\"lazy\" decoding=\"async\" width=\"1024\" height=\"681\" src=\"https:\/\/www.trastevereattiva.org\/wp-content\/uploads\/2017\/05\/15-1024x681.jpg\" class=\"attachment-large size-large\" alt=\"\" srcset=\"https:\/\/www.trastevereattiva.org\/wp-content\/uploads\/2017\/05\/15-1024x681.jpg 1024w, https:\/\/www.trastevereattiva.org\/wp-content\/uploads\/2017\/05\/15-300x200.jpg 300w, https:\/\/www.trastevereattiva.org\/wp-content\/uploads\/2017\/05\/15-768x511.jpg 768w\" sizes=\"(max-width: 1024px) 100vw, 1024px\" \/>\n\t\t\t<\/div><\/figure><figure class='gallery-item'>\n\t\t\t<div class='gallery-icon landscape'>\n\t\t\t\t<img loading=\"lazy\" decoding=\"async\" width=\"709\" height=\"472\" src=\"https:\/\/www.trastevereattiva.org\/wp-content\/uploads\/2017\/05\/16.jpg\" class=\"attachment-large size-large\" alt=\"\" srcset=\"https:\/\/www.trastevereattiva.org\/wp-content\/uploads\/2017\/05\/16.jpg 709w, https:\/\/www.trastevereattiva.org\/wp-content\/uploads\/2017\/05\/16-300x200.jpg 300w\" sizes=\"(max-width: 709px) 100vw, 709px\" \/>\n\t\t\t<\/div><\/figure><figure class='gallery-item'>\n\t\t\t<div class='gallery-icon landscape'>\n\t\t\t\t<img loading=\"lazy\" decoding=\"async\" width=\"1024\" height=\"673\" src=\"https:\/\/www.trastevereattiva.org\/wp-content\/uploads\/2017\/05\/17-1024x673.jpg\" class=\"attachment-large size-large\" alt=\"\" srcset=\"https:\/\/www.trastevereattiva.org\/wp-content\/uploads\/2017\/05\/17-1024x673.jpg 1024w, https:\/\/www.trastevereattiva.org\/wp-content\/uploads\/2017\/05\/17-300x197.jpg 300w, https:\/\/www.trastevereattiva.org\/wp-content\/uploads\/2017\/05\/17-768x505.jpg 768w\" sizes=\"(max-width: 1024px) 100vw, 1024px\" \/>\n\t\t\t<\/div><\/figure><figure class='gallery-item'>\n\t\t\t<div class='gallery-icon landscape'>\n\t\t\t\t<img loading=\"lazy\" decoding=\"async\" width=\"520\" height=\"390\" src=\"https:\/\/www.trastevereattiva.org\/wp-content\/uploads\/2017\/05\/18.jpg\" class=\"attachment-large size-large\" alt=\"\" srcset=\"https:\/\/www.trastevereattiva.org\/wp-content\/uploads\/2017\/05\/18.jpg 520w, https:\/\/www.trastevereattiva.org\/wp-content\/uploads\/2017\/05\/18-300x225.jpg 300w\" sizes=\"(max-width: 520px) 100vw, 520px\" \/>\n\t\t\t<\/div><\/figure><figure class='gallery-item'>\n\t\t\t<div class='gallery-icon landscape'>\n\t\t\t\t<img loading=\"lazy\" decoding=\"async\" width=\"1024\" height=\"698\" src=\"https:\/\/www.trastevereattiva.org\/wp-content\/uploads\/2017\/05\/19-1024x698.jpg\" class=\"attachment-large size-large\" alt=\"\" srcset=\"https:\/\/www.trastevereattiva.org\/wp-content\/uploads\/2017\/05\/19-1024x698.jpg 1024w, https:\/\/www.trastevereattiva.org\/wp-content\/uploads\/2017\/05\/19-300x204.jpg 300w, https:\/\/www.trastevereattiva.org\/wp-content\/uploads\/2017\/05\/19-768x523.jpg 768w\" sizes=\"(max-width: 1024px) 100vw, 1024px\" \/>\n\t\t\t<\/div><\/figure><figure class='gallery-item'>\n\t\t\t<div class='gallery-icon portrait'>\n\t\t\t\t<img loading=\"lazy\" decoding=\"async\" width=\"567\" height=\"1008\" src=\"https:\/\/www.trastevereattiva.org\/wp-content\/uploads\/2017\/05\/20.jpg\" class=\"attachment-large size-large\" alt=\"\" srcset=\"https:\/\/www.trastevereattiva.org\/wp-content\/uploads\/2017\/05\/20.jpg 567w, https:\/\/www.trastevereattiva.org\/wp-content\/uploads\/2017\/05\/20-169x300.jpg 169w\" sizes=\"(max-width: 567px) 100vw, 567px\" \/>\n\t\t\t<\/div><\/figure><figure class='gallery-item'>\n\t\t\t<div class='gallery-icon landscape'>\n\t\t\t\t<img loading=\"lazy\" decoding=\"async\" width=\"1024\" height=\"576\" src=\"https:\/\/www.trastevereattiva.org\/wp-content\/uploads\/2017\/05\/21-1024x576.jpg\" class=\"attachment-large size-large\" alt=\"\" srcset=\"https:\/\/www.trastevereattiva.org\/wp-content\/uploads\/2017\/05\/21-1024x576.jpg 1024w, https:\/\/www.trastevereattiva.org\/wp-content\/uploads\/2017\/05\/21-300x169.jpg 300w, https:\/\/www.trastevereattiva.org\/wp-content\/uploads\/2017\/05\/21-768x432.jpg 768w, https:\/\/www.trastevereattiva.org\/wp-content\/uploads\/2017\/05\/21.jpg 2048w\" sizes=\"(max-width: 1024px) 100vw, 1024px\" \/>\n\t\t\t<\/div><\/figure><figure class='gallery-item'>\n\t\t\t<div class='gallery-icon landscape'>\n\t\t\t\t<img loading=\"lazy\" decoding=\"async\" width=\"1024\" height=\"576\" src=\"https:\/\/www.trastevereattiva.org\/wp-content\/uploads\/2017\/05\/23-1024x576.jpg\" class=\"attachment-large size-large\" alt=\"\" srcset=\"https:\/\/www.trastevereattiva.org\/wp-content\/uploads\/2017\/05\/23-1024x576.jpg 1024w, https:\/\/www.trastevereattiva.org\/wp-content\/uploads\/2017\/05\/23-300x169.jpg 300w, https:\/\/www.trastevereattiva.org\/wp-content\/uploads\/2017\/05\/23-768x432.jpg 768w, https:\/\/www.trastevereattiva.org\/wp-content\/uploads\/2017\/05\/23.jpg 2048w\" sizes=\"(max-width: 1024px) 100vw, 1024px\" \/>\n\t\t\t<\/div><\/figure><figure class='gallery-item'>\n\t\t\t<div class='gallery-icon landscape'>\n\t\t\t\t<img loading=\"lazy\" decoding=\"async\" width=\"709\" height=\"405\" src=\"https:\/\/www.trastevereattiva.org\/wp-content\/uploads\/2017\/05\/24.jpg\" class=\"attachment-large size-large\" alt=\"\" srcset=\"https:\/\/www.trastevereattiva.org\/wp-content\/uploads\/2017\/05\/24.jpg 709w, https:\/\/www.trastevereattiva.org\/wp-content\/uploads\/2017\/05\/24-300x171.jpg 300w\" sizes=\"(max-width: 709px) 100vw, 709px\" \/>\n\t\t\t<\/div><\/figure><figure class='gallery-item'>\n\t\t\t<div class='gallery-icon landscape'>\n\t\t\t\t<img loading=\"lazy\" decoding=\"async\" width=\"1024\" height=\"576\" src=\"https:\/\/www.trastevereattiva.org\/wp-content\/uploads\/2017\/05\/25-1024x576.jpg\" class=\"attachment-large size-large\" alt=\"\" srcset=\"https:\/\/www.trastevereattiva.org\/wp-content\/uploads\/2017\/05\/25-1024x576.jpg 1024w, https:\/\/www.trastevereattiva.org\/wp-content\/uploads\/2017\/05\/25-300x169.jpg 300w, https:\/\/www.trastevereattiva.org\/wp-content\/uploads\/2017\/05\/25-768x432.jpg 768w, https:\/\/www.trastevereattiva.org\/wp-content\/uploads\/2017\/05\/25.jpg 2048w\" sizes=\"(max-width: 1024px) 100vw, 1024px\" \/>\n\t\t\t<\/div><\/figure><figure class='gallery-item'>\n\t\t\t<div class='gallery-icon landscape'>\n\t\t\t\t<img loading=\"lazy\" decoding=\"async\" width=\"1024\" height=\"576\" src=\"https:\/\/www.trastevereattiva.org\/wp-content\/uploads\/2017\/05\/27-1024x576.jpg\" class=\"attachment-large size-large\" alt=\"\" srcset=\"https:\/\/www.trastevereattiva.org\/wp-content\/uploads\/2017\/05\/27-1024x576.jpg 1024w, https:\/\/www.trastevereattiva.org\/wp-content\/uploads\/2017\/05\/27-300x169.jpg 300w, https:\/\/www.trastevereattiva.org\/wp-content\/uploads\/2017\/05\/27-768x432.jpg 768w, https:\/\/www.trastevereattiva.org\/wp-content\/uploads\/2017\/05\/27.jpg 2048w\" sizes=\"(max-width: 1024px) 100vw, 1024px\" \/>\n\t\t\t<\/div><\/figure><figure class='gallery-item'>\n\t\t\t<div class='gallery-icon landscape'>\n\t\t\t\t<img loading=\"lazy\" decoding=\"async\" width=\"1024\" height=\"576\" src=\"https:\/\/www.trastevereattiva.org\/wp-content\/uploads\/2017\/05\/29-1024x576.jpg\" class=\"attachment-large size-large\" alt=\"\" srcset=\"https:\/\/www.trastevereattiva.org\/wp-content\/uploads\/2017\/05\/29-1024x576.jpg 1024w, https:\/\/www.trastevereattiva.org\/wp-content\/uploads\/2017\/05\/29-300x169.jpg 300w, https:\/\/www.trastevereattiva.org\/wp-content\/uploads\/2017\/05\/29-768x432.jpg 768w, https:\/\/www.trastevereattiva.org\/wp-content\/uploads\/2017\/05\/29.jpg 2048w\" sizes=\"(max-width: 1024px) 100vw, 1024px\" \/>\n\t\t\t<\/div><\/figure><figure class='gallery-item'>\n\t\t\t<div class='gallery-icon portrait'>\n\t\t\t\t<img loading=\"lazy\" decoding=\"async\" width=\"576\" height=\"1024\" src=\"https:\/\/www.trastevereattiva.org\/wp-content\/uploads\/2017\/05\/31-576x1024.jpg\" class=\"attachment-large size-large\" alt=\"\" srcset=\"https:\/\/www.trastevereattiva.org\/wp-content\/uploads\/2017\/05\/31-576x1024.jpg 576w, https:\/\/www.trastevereattiva.org\/wp-content\/uploads\/2017\/05\/31-169x300.jpg 169w, https:\/\/www.trastevereattiva.org\/wp-content\/uploads\/2017\/05\/31-768x1365.jpg 768w, https:\/\/www.trastevereattiva.org\/wp-content\/uploads\/2017\/05\/31.jpg 1152w\" sizes=\"(max-width: 576px) 100vw, 576px\" \/>\n\t\t\t<\/div><\/figure><figure class='gallery-item'>\n\t\t\t<div class='gallery-icon portrait'>\n\t\t\t\t<img loading=\"lazy\" decoding=\"async\" width=\"576\" height=\"1024\" src=\"https:\/\/www.trastevereattiva.org\/wp-content\/uploads\/2017\/05\/33-e1494921842207-576x1024.jpg\" class=\"attachment-large size-large\" alt=\"\" srcset=\"https:\/\/www.trastevereattiva.org\/wp-content\/uploads\/2017\/05\/33-e1494921842207-576x1024.jpg 576w, https:\/\/www.trastevereattiva.org\/wp-content\/uploads\/2017\/05\/33-e1494921842207-169x300.jpg 169w, https:\/\/www.trastevereattiva.org\/wp-content\/uploads\/2017\/05\/33-e1494921842207-768x1365.jpg 768w, https:\/\/www.trastevereattiva.org\/wp-content\/uploads\/2017\/05\/33-e1494921842207.jpg 1152w\" sizes=\"(max-width: 576px) 100vw, 576px\" \/>\n\t\t\t<\/div><\/figure><figure class='gallery-item'>\n\t\t\t<div class='gallery-icon landscape'>\n\t\t\t\t<img loading=\"lazy\" decoding=\"async\" width=\"1024\" height=\"576\" src=\"https:\/\/www.trastevereattiva.org\/wp-content\/uploads\/2017\/05\/35-1024x576.jpg\" class=\"attachment-large size-large\" alt=\"\" srcset=\"https:\/\/www.trastevereattiva.org\/wp-content\/uploads\/2017\/05\/35-1024x576.jpg 1024w, https:\/\/www.trastevereattiva.org\/wp-content\/uploads\/2017\/05\/35-300x169.jpg 300w, https:\/\/www.trastevereattiva.org\/wp-content\/uploads\/2017\/05\/35-768x432.jpg 768w, https:\/\/www.trastevereattiva.org\/wp-content\/uploads\/2017\/05\/35.jpg 2048w\" sizes=\"(max-width: 1024px) 100vw, 1024px\" \/>\n\t\t\t<\/div><\/figure><figure class='gallery-item'>\n\t\t\t<div class='gallery-icon landscape'>\n\t\t\t\t<img loading=\"lazy\" decoding=\"async\" width=\"1024\" height=\"576\" src=\"https:\/\/www.trastevereattiva.org\/wp-content\/uploads\/2017\/05\/37-1024x576.jpg\" class=\"attachment-large size-large\" alt=\"\" srcset=\"https:\/\/www.trastevereattiva.org\/wp-content\/uploads\/2017\/05\/37-1024x576.jpg 1024w, https:\/\/www.trastevereattiva.org\/wp-content\/uploads\/2017\/05\/37-300x169.jpg 300w, https:\/\/www.trastevereattiva.org\/wp-content\/uploads\/2017\/05\/37-768x432.jpg 768w\" sizes=\"(max-width: 1024px) 100vw, 1024px\" \/>\n\t\t\t<\/div><\/figure><figure class='gallery-item'>\n\t\t\t<div class='gallery-icon landscape'>\n\t\t\t\t<img loading=\"lazy\" decoding=\"async\" width=\"591\" height=\"394\" src=\"https:\/\/www.trastevereattiva.org\/wp-content\/uploads\/2017\/05\/40.jpg\" class=\"attachment-large size-large\" alt=\"\" srcset=\"https:\/\/www.trastevereattiva.org\/wp-content\/uploads\/2017\/05\/40.jpg 591w, https:\/\/www.trastevereattiva.org\/wp-content\/uploads\/2017\/05\/40-300x200.jpg 300w\" sizes=\"(max-width: 591px) 100vw, 591px\" \/>\n\t\t\t<\/div><\/figure><figure class='gallery-item'>\n\t\t\t<div class='gallery-icon landscape'>\n\t\t\t\t<img loading=\"lazy\" decoding=\"async\" width=\"709\" height=\"405\" src=\"https:\/\/www.trastevereattiva.org\/wp-content\/uploads\/2017\/05\/38.jpg\" class=\"attachment-large size-large\" alt=\"\" srcset=\"https:\/\/www.trastevereattiva.org\/wp-content\/uploads\/2017\/05\/38.jpg 709w, https:\/\/www.trastevereattiva.org\/wp-content\/uploads\/2017\/05\/38-300x171.jpg 300w\" sizes=\"(max-width: 709px) 100vw, 709px\" \/>\n\t\t\t<\/div><\/figure><figure class='gallery-item'>\n\t\t\t<div class='gallery-icon portrait'>\n\t\t\t\t<img loading=\"lazy\" decoding=\"async\" width=\"576\" height=\"1024\" src=\"https:\/\/www.trastevereattiva.org\/wp-content\/uploads\/2017\/05\/39-e1494921861691-576x1024.jpg\" class=\"attachment-large size-large\" alt=\"\" srcset=\"https:\/\/www.trastevereattiva.org\/wp-content\/uploads\/2017\/05\/39-e1494921861691-576x1024.jpg 576w, https:\/\/www.trastevereattiva.org\/wp-content\/uploads\/2017\/05\/39-e1494921861691-169x300.jpg 169w, https:\/\/www.trastevereattiva.org\/wp-content\/uploads\/2017\/05\/39-e1494921861691-768x1365.jpg 768w\" sizes=\"(max-width: 576px) 100vw, 576px\" \/>\n\t\t\t<\/div><\/figure>\n\t\t<\/div>\n\n<p><span style=\"color: #ff0000;\">LE SPECIE ARBOREE PRESENTI ALL\u2019INTERNO DELLA PASSEGGIATA <\/span><\/p>\n<p>Acanthus mollis<\/p>\n<p>Acer negundo<\/p>\n<p>Ailanthus altissima<\/p>\n<p>Butia capitata<\/p>\n<p>Buxus sempervirens<\/p>\n<p>Cedrus atlantica<\/p>\n<p>Cedrus libani<\/p>\n<p>Celtis australis<\/p>\n<p>Cercis siliquastrum<\/p>\n<p>Chamaerops humilis<\/p>\n<p>Cupressus sempervirens \u201cPyramidalis\u201d<\/p>\n<p>Elaeagnus pungens<\/p>\n<p>Eucalyptus rostrata<\/p>\n<p>Hedera helix<\/p>\n<p>Ilex aquifolium<\/p>\n<p>Laurus nobilis<\/p>\n<p>Myrtus communis \u201cTarentina\u201d<\/p>\n<p>Phillyrea angustifolia<\/p>\n<p>Phoenix canariensis<\/p>\n<p>Phoenix dactylifera<\/p>\n<p>Phytolacca dioica<\/p>\n<p>Pinus halepensis<\/p>\n<p>Pinus pinea<\/p>\n<p>Pinus sylvestris<\/p>\n<p>Pistacia lentiscus<\/p>\n<p>Pittosporum tobira<\/p>\n<p>Platanus x hispanica<\/p>\n<p>Prunus cerasifera \u201cPissardii\u201d<\/p>\n<p>Punica granatum<\/p>\n<p>Quercus ilex<\/p>\n<p>Quercus pubescens<\/p>\n<p>Robinia pseudoacacia<\/p>\n<p>Sambucus nigra<\/p>\n<p>Sequoia sempervirens<\/p>\n<p>Sophora japonica \u201cPendula\u201d<\/p>\n<p>Taxus baccata<\/p>\n<p>Tilia cordata<\/p>\n<p>Ulmus pumila<\/p>\n<p>Viburnum tinus<\/p>\n<p>Washingtonia robusta<\/p>\n","protected":false},"excerpt":{"rendered":"<p>Il Dipartimento Tutela Ambientale del Comune di Roma ha offerto una PASSEGGIATA URBANA alla nostra associazione, per ringraziarci delle attivit\u00e0 che stiamo svolgendo nel quartiere (tutela del verde con la piantumazione di 79 alberi, riqualificazione dell\u2019area verde di Piazza S. Cosimato e cura della sua area giochi, interventi di decoro urbano, attivit\u00e0 educative con i [&hellip;]<\/p>\n","protected":false},"author":1,"featured_media":0,"parent":0,"menu_order":0,"comment_status":"closed","ping_status":"closed","template":"fullwidth.php","meta":{"footnotes":""},"_links":{"self":[{"href":"https:\/\/www.trastevereattiva.org\/index.php\/wp-json\/wp\/v2\/pages\/2959"}],"collection":[{"href":"https:\/\/www.trastevereattiva.org\/index.php\/wp-json\/wp\/v2\/pages"}],"about":[{"href":"https:\/\/www.trastevereattiva.org\/index.php\/wp-json\/wp\/v2\/types\/page"}],"author":[{"embeddable":true,"href":"https:\/\/www.trastevereattiva.org\/index.php\/wp-json\/wp\/v2\/users\/1"}],"replies":[{"embeddable":true,"href":"https:\/\/www.trastevereattiva.org\/index.php\/wp-json\/wp\/v2\/comments?post=2959"}],"version-history":[{"count":9,"href":"https:\/\/www.trastevereattiva.org\/index.php\/wp-json\/wp\/v2\/pages\/2959\/revisions"}],"predecessor-version":[{"id":2999,"href":"https:\/\/www.trastevereattiva.org\/index.php\/wp-json\/wp\/v2\/pages\/2959\/revisions\/2999"}],"wp:attachment":[{"href":"https:\/\/www.trastevereattiva.org\/index.php\/wp-json\/wp\/v2\/media?parent=2959"}],"curies":[{"name":"wp","href":"https:\/\/api.w.org\/{rel}","templated":true}]}}