{"id":3252,"date":"2018-06-04T09:44:16","date_gmt":"2018-06-04T07:44:16","guid":{"rendered":"http:\/\/www.trastevereattiva.org\/?page_id=3252"},"modified":"2018-06-15T09:26:47","modified_gmt":"2018-06-15T07:26:47","slug":"area-giochi-progetto-parolevalori-la-tecnica-di-r-assagioli","status":"publish","type":"page","link":"https:\/\/www.trastevereattiva.org\/index.php\/area-giochi-progetto-parolevalori-la-tecnica-di-r-assagioli\/","title":{"rendered":"AREA GIOCHI progetto \u201cParole\/Valori\u201d &#8211; la tecnica di R. Assagioli"},"content":{"rendered":"<p><span style=\"color: #ff0000;\"><strong>Chi \u00e8 Roberto Assagioli<\/strong><\/span><\/p>\n<p><strong>Roberto Assagioli<\/strong> \u00e8 nato a Venezia il 27 febbraio 1888 ed \u00e8 morto a Capolona il 23 agosto del 1974 nella sua residenza estiva in provincia di Arezzo. Laureatosi in medicina all&#8217;Universit\u00e0 di Firenze nel 1910, presentando una tesi sulla psicoana\u00ecisi che aveva preparato all&#8217;Ospedale Psichiatrico Burgh\u00f2lzli di Zurigo, successivamente si specializz\u00f2 in psichiatria e si dedic\u00f2 alla pratica della psicoterapia usando vari metodi e sviluppando, poi, un suo metodo integrale: la <span style=\"color: #ff0000;\"><strong>Psicosintesi<\/strong><\/span>. Nel 1926 fond\u00f2 a Roma l&#8217;Istituto di Psicosintesi, che dopo la guerra fu trasferito a Firenze. Fin dal 1905 aveva cominciato a pubblicare articoli in varie riviste e particolarmente in Psiche, da lui fondata nel 1911. I suoi scritti, pubblicati in otto lingue, ammontano a pi\u00f9 di trecento. Ha tenuto numerose conferenze in vari paesi europei e negli Stati Uniti d&#8217;America ove promosse la creazione della &#8216;Psychosynthesis Research Foundation&#8217; con sede a New York. Altri Istituti e Centri nei quali viene insegnata la psicosintesi esistono negli Stati Uniti, Argentina, Francia, Svizzera, India e Grecia.<\/p>\n<p><span style=\"color: #ff0000;\"><strong>La\u2008tecnica\u2008delle \u201cparole\u2008evocatrici\u201d<\/strong><\/span><\/p>\n<p>Le impressioni che ci arrivano dall\u2019ambiente in cui viviamo esercitano un forte influsso sulla psiche, la modificano, la condizionano continuamente, spesso in modo nocivo. Esistono mezzi efficaci e di facile uso, sia per proteggere dagli influssi dannosi sia per neutralizzarne gli effetti. Uno di questi consiste nell\u2019esporci coscientemente a stimoli e influssi benefici e costruttivi.<\/p>\n<p>Una fra le numerose tecniche con cui possiamo agire costruttivamente sulla nostra psiche, in modo da modificarla e perfino trasformarla, \u00e8 l\u2019uso di &#8220;parole evocatrici&#8221;. Le parole sono \u201csimboli\u201d che non soltanto indicano o designano oggetti o fatti psichici, ma hanno anche il potere di suscitarne l&#8217;azione. Esse \u201cevocano\u201d e rendono operanti le \u201cidee-forze\u201d che significano. L\u2019immagine visiva si imprime anche senza che vi prestiamo attenzione nella nostra psiche, pi\u00f9 precisamente nel nostro \u201cinconscio plastico\u201d, e opera in esso secondo alcune leggi, di cui ne riportiamo le principali:<\/p>\n<ol>\n<li><span style=\"color: #800080;\"><strong>Ogni idea o immagine tende a produrre lo stato d\u2019animo, lo stato fisico e gli atti a essa corrispondenti.<\/strong><\/span><\/li>\n<li><span style=\"color: #800080;\"><strong>L\u2019attenzione e la ripetizione rafforzano l\u2019efficacia dell\u2019idea o immagine.<\/strong><\/span><\/li>\n<li><span style=\"color: #800080;\"><strong>Gli effetti dell\u2019idea o immagine, cio\u00e8 l\u2019attuazione di ci\u00f2 che significa, si producono senza che ne siamo consapevoli.<\/strong><\/span><\/li>\n<\/ol>\n<p>(dal libro \u201c<em>Coraggio<\/em>\u201d, ed. Casa Editrice Nuova Era)<\/p>\n","protected":false},"excerpt":{"rendered":"<p>Chi \u00e8 Roberto Assagioli Roberto Assagioli \u00e8 nato a Venezia il 27 febbraio 1888 ed \u00e8 morto a Capolona il 23 agosto del 1974 nella sua residenza estiva in provincia di Arezzo. Laureatosi in medicina all&#8217;Universit\u00e0 di Firenze nel 1910, presentando una tesi sulla psicoana\u00ecisi che aveva preparato all&#8217;Ospedale Psichiatrico Burgh\u00f2lzli di Zurigo, successivamente si [&hellip;]<\/p>\n","protected":false},"author":1,"featured_media":0,"parent":0,"menu_order":0,"comment_status":"closed","ping_status":"closed","template":"fullwidth.php","meta":{"footnotes":""},"_links":{"self":[{"href":"https:\/\/www.trastevereattiva.org\/index.php\/wp-json\/wp\/v2\/pages\/3252"}],"collection":[{"href":"https:\/\/www.trastevereattiva.org\/index.php\/wp-json\/wp\/v2\/pages"}],"about":[{"href":"https:\/\/www.trastevereattiva.org\/index.php\/wp-json\/wp\/v2\/types\/page"}],"author":[{"embeddable":true,"href":"https:\/\/www.trastevereattiva.org\/index.php\/wp-json\/wp\/v2\/users\/1"}],"replies":[{"embeddable":true,"href":"https:\/\/www.trastevereattiva.org\/index.php\/wp-json\/wp\/v2\/comments?post=3252"}],"version-history":[{"count":2,"href":"https:\/\/www.trastevereattiva.org\/index.php\/wp-json\/wp\/v2\/pages\/3252\/revisions"}],"predecessor-version":[{"id":3282,"href":"https:\/\/www.trastevereattiva.org\/index.php\/wp-json\/wp\/v2\/pages\/3252\/revisions\/3282"}],"wp:attachment":[{"href":"https:\/\/www.trastevereattiva.org\/index.php\/wp-json\/wp\/v2\/media?parent=3252"}],"curies":[{"name":"wp","href":"https:\/\/api.w.org\/{rel}","templated":true}]}}