{"id":3969,"date":"2020-09-20T16:10:05","date_gmt":"2020-09-20T14:10:05","guid":{"rendered":"http:\/\/www.trastevereattiva.org\/?page_id=3969"},"modified":"2021-04-02T17:14:52","modified_gmt":"2021-04-02T15:14:52","slug":"la-cena-di-tutti-ottobre-2020-piazza-san-cosimato","status":"publish","type":"page","link":"https:\/\/www.trastevereattiva.org\/index.php\/la-cena-di-tutti-ottobre-2020-piazza-san-cosimato\/","title":{"rendered":"La cena di TUTTI- ottobre 2020, Piazza San Cosimato"},"content":{"rendered":"<p>Ce lo hanno chiesto in molti: <em>&#8220;Rifaremo La cena di TUTTI&#8221; in piazza San Cosimato?&#8221;<\/em><br \/>\nSI&#8217;: la rifaremo&#8230; perch\u00e8 crediamo che questo sia un modo &#8220;sano&#8221; di vivere la citt\u00e0.<\/p>\n<p>Tanta fatica organizzativa \u00e8 stata ripagata dal vedere i <span style=\"color: #ff0000;\"><strong>350 partecipanti contenti in un momento di serena socializzazione, senza muri, <\/strong><strong>colorato di ecosostenibilit\u00e0 e giocosa educazione per i pi\u00f9 piccoli<\/strong><\/span>.<\/p>\n<p><img loading=\"lazy\" decoding=\"async\" class=\"alignleft wp-image-3972\" src=\"http:\/\/www.trastevereattiva.org\/wp-content\/uploads\/2020\/09\/LOCANDINA-La-cena-di-TUTTI-ott2019-C.jpg\" alt=\"\" width=\"515\" height=\"728\" srcset=\"https:\/\/www.trastevereattiva.org\/wp-content\/uploads\/2020\/09\/LOCANDINA-La-cena-di-TUTTI-ott2019-C.jpg 1754w, https:\/\/www.trastevereattiva.org\/wp-content\/uploads\/2020\/09\/LOCANDINA-La-cena-di-TUTTI-ott2019-C-212x300.jpg 212w, https:\/\/www.trastevereattiva.org\/wp-content\/uploads\/2020\/09\/LOCANDINA-La-cena-di-TUTTI-ott2019-C-768x1086.jpg 768w, https:\/\/www.trastevereattiva.org\/wp-content\/uploads\/2020\/09\/LOCANDINA-La-cena-di-TUTTI-ott2019-C-724x1024.jpg 724w\" sizes=\"(max-width: 515px) 100vw, 515px\" \/><\/p>\n<p>&nbsp;<\/p>\n<p><a href=\"https:\/\/youtu.be\/1mvifuGg-Kw\"><em><strong>Guarda il video cliccando qui o\u00a0 sull&#8217;immagine sotto.<\/strong><\/em><\/a><\/p>\n<p><iframe loading=\"lazy\" title=\"Trastevere Attiva La cena di tutti 2019\" width=\"1170\" height=\"658\" src=\"https:\/\/www.youtube.com\/embed\/1mvifuGg-Kw?feature=oembed\" frameborder=\"0\" allow=\"accelerometer; autoplay; clipboard-write; encrypted-media; gyroscope; picture-in-picture; web-share\" allowfullscreen><\/iframe><\/p>\n<p><strong>Con la collaborazione di<\/strong>:<em> Bar Glorioso, Legambiente Circolo di Monteverde Ilaria Alpi, Parrocchia di Santa Maria in Trastevere, Parrocchia San Francesco a Ripa, Movimento Ribascita Cristiana, Ristorante Arco di S. Calisto, Aromaticus, Ristorante Corsetti 1921, Pizzeria IVO, Pescheria Giada, Ristorante Peppo, La Renella, Ristorante Rione 13, Ristorante Il Tulipano Nero.<\/em><\/p>\n<div id='gallery-1' class='gallery galleryid-3969 gallery-columns-2 gallery-size-large'><figure class='gallery-item'>\n\t\t\t<div class='gallery-icon landscape'>\n\t\t\t\t<a href='https:\/\/www.trastevereattiva.org\/wp-content\/uploads\/2020\/09\/WhatsApp-Image-2019-10-27-at-08.37.41.jpeg'><img loading=\"lazy\" decoding=\"async\" width=\"790\" height=\"592\" src=\"https:\/\/www.trastevereattiva.org\/wp-content\/uploads\/2020\/09\/WhatsApp-Image-2019-10-27-at-08.37.41.jpeg\" class=\"attachment-large size-large\" alt=\"\" srcset=\"https:\/\/www.trastevereattiva.org\/wp-content\/uploads\/2020\/09\/WhatsApp-Image-2019-10-27-at-08.37.41.jpeg 790w, https:\/\/www.trastevereattiva.org\/wp-content\/uploads\/2020\/09\/WhatsApp-Image-2019-10-27-at-08.37.41-300x225.jpeg 300w, https:\/\/www.trastevereattiva.org\/wp-content\/uploads\/2020\/09\/WhatsApp-Image-2019-10-27-at-08.37.41-768x576.jpeg 768w\" sizes=\"(max-width: 790px) 100vw, 790px\" \/><\/a>\n\t\t\t<\/div><\/figure><figure class='gallery-item'>\n\t\t\t<div class='gallery-icon landscape'>\n\t\t\t\t<a href='https:\/\/www.trastevereattiva.org\/wp-content\/uploads\/2020\/09\/IMG_0161.jpg'><img loading=\"lazy\" decoding=\"async\" width=\"1024\" height=\"768\" src=\"https:\/\/www.trastevereattiva.org\/wp-content\/uploads\/2020\/09\/IMG_0161-1024x768.jpg\" class=\"attachment-large size-large\" alt=\"\" srcset=\"https:\/\/www.trastevereattiva.org\/wp-content\/uploads\/2020\/09\/IMG_0161-1024x768.jpg 1024w, https:\/\/www.trastevereattiva.org\/wp-content\/uploads\/2020\/09\/IMG_0161-300x225.jpg 300w, https:\/\/www.trastevereattiva.org\/wp-content\/uploads\/2020\/09\/IMG_0161-768x576.jpg 768w\" sizes=\"(max-width: 1024px) 100vw, 1024px\" \/><\/a>\n\t\t\t<\/div><\/figure><figure class='gallery-item'>\n\t\t\t<div class='gallery-icon portrait'>\n\t\t\t\t<a href='https:\/\/www.trastevereattiva.org\/wp-content\/uploads\/2020\/09\/LOCANDINA-Olimpiadi-riciclo-ott2019-C.jpg'><img loading=\"lazy\" decoding=\"async\" width=\"724\" height=\"1024\" src=\"https:\/\/www.trastevereattiva.org\/wp-content\/uploads\/2020\/09\/LOCANDINA-Olimpiadi-riciclo-ott2019-C-724x1024.jpg\" class=\"attachment-large size-large\" alt=\"\" srcset=\"https:\/\/www.trastevereattiva.org\/wp-content\/uploads\/2020\/09\/LOCANDINA-Olimpiadi-riciclo-ott2019-C-724x1024.jpg 724w, https:\/\/www.trastevereattiva.org\/wp-content\/uploads\/2020\/09\/LOCANDINA-Olimpiadi-riciclo-ott2019-C-212x300.jpg 212w, https:\/\/www.trastevereattiva.org\/wp-content\/uploads\/2020\/09\/LOCANDINA-Olimpiadi-riciclo-ott2019-C-768x1086.jpg 768w, https:\/\/www.trastevereattiva.org\/wp-content\/uploads\/2020\/09\/LOCANDINA-Olimpiadi-riciclo-ott2019-C.jpg 1754w\" sizes=\"(max-width: 724px) 100vw, 724px\" \/><\/a>\n\t\t\t<\/div><\/figure><figure class='gallery-item'>\n\t\t\t<div class='gallery-icon landscape'>\n\t\t\t\t<a href='https:\/\/www.trastevereattiva.org\/wp-content\/uploads\/2020\/09\/IMG_0096.jpg'><img loading=\"lazy\" decoding=\"async\" width=\"1024\" height=\"768\" src=\"https:\/\/www.trastevereattiva.org\/wp-content\/uploads\/2020\/09\/IMG_0096-1024x768.jpg\" class=\"attachment-large size-large\" alt=\"\" srcset=\"https:\/\/www.trastevereattiva.org\/wp-content\/uploads\/2020\/09\/IMG_0096-1024x768.jpg 1024w, https:\/\/www.trastevereattiva.org\/wp-content\/uploads\/2020\/09\/IMG_0096-300x225.jpg 300w, https:\/\/www.trastevereattiva.org\/wp-content\/uploads\/2020\/09\/IMG_0096-768x576.jpg 768w\" sizes=\"(max-width: 1024px) 100vw, 1024px\" \/><\/a>\n\t\t\t<\/div><\/figure><figure class='gallery-item'>\n\t\t\t<div class='gallery-icon landscape'>\n\t\t\t\t<a href='https:\/\/www.trastevereattiva.org\/wp-content\/uploads\/2020\/09\/IMG_0099.jpg'><img loading=\"lazy\" decoding=\"async\" width=\"1024\" height=\"768\" src=\"https:\/\/www.trastevereattiva.org\/wp-content\/uploads\/2020\/09\/IMG_0099-1024x768.jpg\" class=\"attachment-large size-large\" alt=\"\" srcset=\"https:\/\/www.trastevereattiva.org\/wp-content\/uploads\/2020\/09\/IMG_0099-1024x768.jpg 1024w, https:\/\/www.trastevereattiva.org\/wp-content\/uploads\/2020\/09\/IMG_0099-300x225.jpg 300w, https:\/\/www.trastevereattiva.org\/wp-content\/uploads\/2020\/09\/IMG_0099-768x576.jpg 768w\" sizes=\"(max-width: 1024px) 100vw, 1024px\" \/><\/a>\n\t\t\t<\/div><\/figure><figure class='gallery-item'>\n\t\t\t<div class='gallery-icon landscape'>\n\t\t\t\t<a href='https:\/\/www.trastevereattiva.org\/wp-content\/uploads\/2020\/09\/IMG_0101.jpg'><img loading=\"lazy\" decoding=\"async\" width=\"1024\" height=\"768\" src=\"https:\/\/www.trastevereattiva.org\/wp-content\/uploads\/2020\/09\/IMG_0101-1024x768.jpg\" class=\"attachment-large size-large\" alt=\"\" srcset=\"https:\/\/www.trastevereattiva.org\/wp-content\/uploads\/2020\/09\/IMG_0101-1024x768.jpg 1024w, https:\/\/www.trastevereattiva.org\/wp-content\/uploads\/2020\/09\/IMG_0101-300x225.jpg 300w, https:\/\/www.trastevereattiva.org\/wp-content\/uploads\/2020\/09\/IMG_0101-768x576.jpg 768w\" sizes=\"(max-width: 1024px) 100vw, 1024px\" \/><\/a>\n\t\t\t<\/div><\/figure><figure class='gallery-item'>\n\t\t\t<div class='gallery-icon landscape'>\n\t\t\t\t<a href='https:\/\/www.trastevereattiva.org\/wp-content\/uploads\/2020\/09\/IMG_0212.jpg'><img loading=\"lazy\" decoding=\"async\" width=\"1024\" height=\"768\" src=\"https:\/\/www.trastevereattiva.org\/wp-content\/uploads\/2020\/09\/IMG_0212-1024x768.jpg\" class=\"attachment-large size-large\" alt=\"\" srcset=\"https:\/\/www.trastevereattiva.org\/wp-content\/uploads\/2020\/09\/IMG_0212-1024x768.jpg 1024w, https:\/\/www.trastevereattiva.org\/wp-content\/uploads\/2020\/09\/IMG_0212-300x225.jpg 300w, https:\/\/www.trastevereattiva.org\/wp-content\/uploads\/2020\/09\/IMG_0212-768x576.jpg 768w\" sizes=\"(max-width: 1024px) 100vw, 1024px\" \/><\/a>\n\t\t\t<\/div><\/figure><figure class='gallery-item'>\n\t\t\t<div class='gallery-icon landscape'>\n\t\t\t\t<a href='https:\/\/www.trastevereattiva.org\/wp-content\/uploads\/2020\/09\/IMG_0122.jpg'><img loading=\"lazy\" decoding=\"async\" width=\"1024\" height=\"768\" src=\"https:\/\/www.trastevereattiva.org\/wp-content\/uploads\/2020\/09\/IMG_0122-1024x768.jpg\" class=\"attachment-large size-large\" alt=\"\" srcset=\"https:\/\/www.trastevereattiva.org\/wp-content\/uploads\/2020\/09\/IMG_0122-1024x768.jpg 1024w, https:\/\/www.trastevereattiva.org\/wp-content\/uploads\/2020\/09\/IMG_0122-300x225.jpg 300w, https:\/\/www.trastevereattiva.org\/wp-content\/uploads\/2020\/09\/IMG_0122-768x576.jpg 768w\" sizes=\"(max-width: 1024px) 100vw, 1024px\" \/><\/a>\n\t\t\t<\/div><\/figure><figure class='gallery-item'>\n\t\t\t<div class='gallery-icon landscape'>\n\t\t\t\t<a href='https:\/\/www.trastevereattiva.org\/wp-content\/uploads\/2020\/09\/IMG_0173.jpg'><img loading=\"lazy\" decoding=\"async\" width=\"1024\" height=\"768\" src=\"https:\/\/www.trastevereattiva.org\/wp-content\/uploads\/2020\/09\/IMG_0173-1024x768.jpg\" class=\"attachment-large size-large\" alt=\"\" srcset=\"https:\/\/www.trastevereattiva.org\/wp-content\/uploads\/2020\/09\/IMG_0173-1024x768.jpg 1024w, https:\/\/www.trastevereattiva.org\/wp-content\/uploads\/2020\/09\/IMG_0173-300x225.jpg 300w, https:\/\/www.trastevereattiva.org\/wp-content\/uploads\/2020\/09\/IMG_0173-768x576.jpg 768w\" sizes=\"(max-width: 1024px) 100vw, 1024px\" \/><\/a>\n\t\t\t<\/div><\/figure><figure class='gallery-item'>\n\t\t\t<div class='gallery-icon landscape'>\n\t\t\t\t<a href='https:\/\/www.trastevereattiva.org\/wp-content\/uploads\/2020\/09\/IMG_0147.jpg'><img loading=\"lazy\" decoding=\"async\" width=\"1024\" height=\"768\" src=\"https:\/\/www.trastevereattiva.org\/wp-content\/uploads\/2020\/09\/IMG_0147-1024x768.jpg\" class=\"attachment-large size-large\" alt=\"\" srcset=\"https:\/\/www.trastevereattiva.org\/wp-content\/uploads\/2020\/09\/IMG_0147-1024x768.jpg 1024w, https:\/\/www.trastevereattiva.org\/wp-content\/uploads\/2020\/09\/IMG_0147-300x225.jpg 300w, https:\/\/www.trastevereattiva.org\/wp-content\/uploads\/2020\/09\/IMG_0147-768x576.jpg 768w\" sizes=\"(max-width: 1024px) 100vw, 1024px\" \/><\/a>\n\t\t\t<\/div><\/figure><figure class='gallery-item'>\n\t\t\t<div class='gallery-icon landscape'>\n\t\t\t\t<a href='https:\/\/www.trastevereattiva.org\/wp-content\/uploads\/2020\/09\/IMG_0195.jpg'><img loading=\"lazy\" decoding=\"async\" width=\"1024\" height=\"768\" src=\"https:\/\/www.trastevereattiva.org\/wp-content\/uploads\/2020\/09\/IMG_0195-1024x768.jpg\" class=\"attachment-large size-large\" alt=\"\" srcset=\"https:\/\/www.trastevereattiva.org\/wp-content\/uploads\/2020\/09\/IMG_0195-1024x768.jpg 1024w, https:\/\/www.trastevereattiva.org\/wp-content\/uploads\/2020\/09\/IMG_0195-300x225.jpg 300w, https:\/\/www.trastevereattiva.org\/wp-content\/uploads\/2020\/09\/IMG_0195-768x576.jpg 768w\" sizes=\"(max-width: 1024px) 100vw, 1024px\" \/><\/a>\n\t\t\t<\/div><\/figure><figure class='gallery-item'>\n\t\t\t<div class='gallery-icon landscape'>\n\t\t\t\t<a href='https:\/\/www.trastevereattiva.org\/wp-content\/uploads\/2020\/09\/IMG_0219.jpg'><img loading=\"lazy\" decoding=\"async\" width=\"1024\" height=\"768\" src=\"https:\/\/www.trastevereattiva.org\/wp-content\/uploads\/2020\/09\/IMG_0219-1024x768.jpg\" class=\"attachment-large size-large\" alt=\"\" srcset=\"https:\/\/www.trastevereattiva.org\/wp-content\/uploads\/2020\/09\/IMG_0219-1024x768.jpg 1024w, https:\/\/www.trastevereattiva.org\/wp-content\/uploads\/2020\/09\/IMG_0219-300x225.jpg 300w, https:\/\/www.trastevereattiva.org\/wp-content\/uploads\/2020\/09\/IMG_0219-768x576.jpg 768w\" sizes=\"(max-width: 1024px) 100vw, 1024px\" \/><\/a>\n\t\t\t<\/div><\/figure><figure class='gallery-item'>\n\t\t\t<div class='gallery-icon landscape'>\n\t\t\t\t<a href='https:\/\/www.trastevereattiva.org\/wp-content\/uploads\/2020\/09\/IMG_0165.jpg'><img loading=\"lazy\" decoding=\"async\" width=\"1024\" height=\"768\" src=\"https:\/\/www.trastevereattiva.org\/wp-content\/uploads\/2020\/09\/IMG_0165-1024x768.jpg\" class=\"attachment-large size-large\" alt=\"\" srcset=\"https:\/\/www.trastevereattiva.org\/wp-content\/uploads\/2020\/09\/IMG_0165-1024x768.jpg 1024w, https:\/\/www.trastevereattiva.org\/wp-content\/uploads\/2020\/09\/IMG_0165-300x225.jpg 300w, https:\/\/www.trastevereattiva.org\/wp-content\/uploads\/2020\/09\/IMG_0165-768x576.jpg 768w\" sizes=\"(max-width: 1024px) 100vw, 1024px\" \/><\/a>\n\t\t\t<\/div><\/figure><figure class='gallery-item'>\n\t\t\t<div class='gallery-icon landscape'>\n\t\t\t\t<a href='https:\/\/www.trastevereattiva.org\/wp-content\/uploads\/2020\/09\/IMG_0240.jpg'><img loading=\"lazy\" decoding=\"async\" width=\"1024\" height=\"768\" src=\"https:\/\/www.trastevereattiva.org\/wp-content\/uploads\/2020\/09\/IMG_0240-1024x768.jpg\" class=\"attachment-large size-large\" alt=\"\" srcset=\"https:\/\/www.trastevereattiva.org\/wp-content\/uploads\/2020\/09\/IMG_0240-1024x768.jpg 1024w, https:\/\/www.trastevereattiva.org\/wp-content\/uploads\/2020\/09\/IMG_0240-300x225.jpg 300w, https:\/\/www.trastevereattiva.org\/wp-content\/uploads\/2020\/09\/IMG_0240-768x576.jpg 768w\" sizes=\"(max-width: 1024px) 100vw, 1024px\" \/><\/a>\n\t\t\t<\/div><\/figure><figure class='gallery-item'>\n\t\t\t<div class='gallery-icon landscape'>\n\t\t\t\t<a href='https:\/\/www.trastevereattiva.org\/wp-content\/uploads\/2020\/09\/IMG_0190.jpg'><img loading=\"lazy\" decoding=\"async\" width=\"1024\" height=\"768\" src=\"https:\/\/www.trastevereattiva.org\/wp-content\/uploads\/2020\/09\/IMG_0190-1024x768.jpg\" class=\"attachment-large size-large\" alt=\"\" srcset=\"https:\/\/www.trastevereattiva.org\/wp-content\/uploads\/2020\/09\/IMG_0190-1024x768.jpg 1024w, https:\/\/www.trastevereattiva.org\/wp-content\/uploads\/2020\/09\/IMG_0190-300x225.jpg 300w, https:\/\/www.trastevereattiva.org\/wp-content\/uploads\/2020\/09\/IMG_0190-768x576.jpg 768w\" sizes=\"(max-width: 1024px) 100vw, 1024px\" \/><\/a>\n\t\t\t<\/div><\/figure><figure class='gallery-item'>\n\t\t\t<div class='gallery-icon landscape'>\n\t\t\t\t<a href='https:\/\/www.trastevereattiva.org\/wp-content\/uploads\/2020\/09\/IMG_0204.jpg'><img loading=\"lazy\" decoding=\"async\" width=\"1024\" height=\"768\" src=\"https:\/\/www.trastevereattiva.org\/wp-content\/uploads\/2020\/09\/IMG_0204-1024x768.jpg\" class=\"attachment-large size-large\" alt=\"\" srcset=\"https:\/\/www.trastevereattiva.org\/wp-content\/uploads\/2020\/09\/IMG_0204-1024x768.jpg 1024w, https:\/\/www.trastevereattiva.org\/wp-content\/uploads\/2020\/09\/IMG_0204-300x225.jpg 300w, https:\/\/www.trastevereattiva.org\/wp-content\/uploads\/2020\/09\/IMG_0204-768x576.jpg 768w\" sizes=\"(max-width: 1024px) 100vw, 1024px\" \/><\/a>\n\t\t\t<\/div><\/figure>\n\t\t<\/div>\n\n<p><em>\u00a0<\/em><\/p>\n<p>&nbsp;<\/p>\n","protected":false},"excerpt":{"rendered":"<p>Ce lo hanno chiesto in molti: &#8220;Rifaremo La cena di TUTTI&#8221; in piazza San Cosimato?&#8221; SI&#8217;: la rifaremo&#8230; perch\u00e8 crediamo che questo sia un modo &#8220;sano&#8221; di vivere la citt\u00e0. Tanta fatica organizzativa \u00e8 stata ripagata dal vedere i 350 partecipanti contenti in un momento di serena socializzazione, senza muri, colorato di ecosostenibilit\u00e0 e giocosa [&hellip;]<\/p>\n","protected":false},"author":1,"featured_media":0,"parent":0,"menu_order":0,"comment_status":"closed","ping_status":"closed","template":"fullwidth.php","meta":{"footnotes":""},"_links":{"self":[{"href":"https:\/\/www.trastevereattiva.org\/index.php\/wp-json\/wp\/v2\/pages\/3969"}],"collection":[{"href":"https:\/\/www.trastevereattiva.org\/index.php\/wp-json\/wp\/v2\/pages"}],"about":[{"href":"https:\/\/www.trastevereattiva.org\/index.php\/wp-json\/wp\/v2\/types\/page"}],"author":[{"embeddable":true,"href":"https:\/\/www.trastevereattiva.org\/index.php\/wp-json\/wp\/v2\/users\/1"}],"replies":[{"embeddable":true,"href":"https:\/\/www.trastevereattiva.org\/index.php\/wp-json\/wp\/v2\/comments?post=3969"}],"version-history":[{"count":11,"href":"https:\/\/www.trastevereattiva.org\/index.php\/wp-json\/wp\/v2\/pages\/3969\/revisions"}],"predecessor-version":[{"id":4133,"href":"https:\/\/www.trastevereattiva.org\/index.php\/wp-json\/wp\/v2\/pages\/3969\/revisions\/4133"}],"wp:attachment":[{"href":"https:\/\/www.trastevereattiva.org\/index.php\/wp-json\/wp\/v2\/media?parent=3969"}],"curies":[{"name":"wp","href":"https:\/\/api.w.org\/{rel}","templated":true}]}}