{"id":4091,"date":"2021-02-18T10:13:00","date_gmt":"2021-02-18T09:13:00","guid":{"rendered":"http:\/\/www.trastevereattiva.org\/?page_id=4091"},"modified":"2021-02-19T11:38:16","modified_gmt":"2021-02-19T10:38:16","slug":"regaliamo-un-computer","status":"publish","type":"page","link":"https:\/\/www.trastevereattiva.org\/index.php\/regaliamo-un-computer\/","title":{"rendered":"Regaliamo un computer ad uno studente in difficolt\u00e0"},"content":{"rendered":"<p>In questo periodo difficile cerchiamo di <span style=\"color: #ff0000;\"><strong>aiutare i ragazzi in difficolt\u00e0 con la didattica a distanza<\/strong><\/span>: se hai un <span style=\"color: #ff0000;\"><strong>computer fisso o portatile<\/strong><\/span> funzionante che vuoi donare, guarda pi\u00f9 sotto se ha le caratteristiche tecniche per essere riutilizzato. Sar\u00e0 sanificato, revisionato dai volontari di <em><strong>Informatici Senza Frontiere<\/strong><\/em> e regalato ad uno studente.<\/p>\n<p><span style=\"color: #ff0000;\"><strong>CARATTERISTICHE dei computer PORTATILI<\/strong>:<\/span><\/p>\n<ul>\n<li>Non pi\u00f9 anziani di 8 anni<\/li>\n<li>Webcam<\/li>\n<li>Almeno 4GB di memoria RAM<\/li>\n<li>Sistema operativo Windows 7 o superiore (originale)<\/li>\n<li>Batteria funzionante<\/li>\n<li>Completo di alimentatore<\/li>\n<\/ul>\n<p><span style=\"color: #ff0000;\"><strong>CARATTERISTICHE dei computer FISSI<\/strong>:<\/span><\/p>\n<ul>\n<li>Non pi\u00f9 anziani di 8 anni<\/li>\n<li>Video di dimensioni maggiori di 15 pollici,\u00a0possibilmente completo di cavo di collegamento e di alimentazione (il video non deve avere pixel bruciati o zone buie o con prevalenza di un solo colore)<\/li>\n<li>Almeno 4 GB di memoria RAM<\/li>\n<li>Tastiera italiana<\/li>\n<li>Sistema operativo Windows 7 o superiore (originale)<\/li>\n<li>Possibilmente con mouse<\/li>\n<\/ul>\n<p><span style=\"color: #ff0000;\"><strong>DOVE PORTARLO<\/strong><\/span><\/p>\n<p>Se hai dubbi, se hai altro materiale che pensi possa essere utile e se vuoi donare un computer che abbia le caratteristiche minime indicate, <span style=\"color: #ff0000;\"><strong>scrivi una mail<\/strong> <\/span>a <a href=\"mailto:trastevereattiva@gmail.com\"><em>trastevereattiva@gmail.com<\/em><\/a>: ti risponderemo per <strong><span style=\"color: #ff0000;\">prendere un appuntamento<\/span><\/strong> per la consegna che dovr\u00e0 essere effettuata <strong>presso il Centro Anziani Trastevere, in viale Trastevere 143B<\/strong> (davanti il Ministero MIUR).<\/p>\n<p><span style=\"color: #ff0000;\"><strong>FACCIAMO RETE<\/strong><\/span><\/p>\n<p>Questa iniziativa si svolge nell&#8217;ambito del <em><strong>&#8220;Patto di Comunit\u00e0&#8221;<\/strong><\/em> nelle seguenti modalit\u00e0:<\/p>\n<ul>\n<li>l&#8217;associazione <strong><em>&#8220;Trastevere Attiva&#8221;<\/em><\/strong>, cura la parte comunicativa e l&#8217;organizzazione iniziale dell&#8217;attivit\u00e0<\/li>\n<li>l&#8217;associazione <strong><em>&#8220;Spazio delle diverse et\u00e0&#8221;<\/em><\/strong> gestisce l&#8217;accoglienza dei computer ricevuti in donazione presso il <strong>Centro Anziani Trastevere<\/strong><\/li>\n<li>l&#8217;associazione &#8220;<strong><em><a href=\"https:\/\/www.informaticisenzafrontiere.org\/\">Informatici senza frontiere<\/a>&#8220;<\/em><\/strong> si occupa del ritiro, sanificazione e revisione dei computer<\/li>\n<li>le associazioni &#8220;<a href=\"https:\/\/nonnaroma.it\/\"><strong><em>Nonna Roma<\/em><\/strong><\/a>&#8221; e &#8220;<strong><em><a href=\"https:\/\/www.informaticisenzafrontiere.org\/\">Informatici senza frontiere<\/a>&#8221; <\/em><\/strong>distribuiscono i computer revisionati agli studenti in difficolt\u00e0 che ne fanno richiesta.<\/li>\n<\/ul>\n<p><a href=\"http:\/\/www.trastevereattiva.org\/wp-content\/uploads\/2021\/02\/Regala-un-computer-LOC-6.jpg\"><img loading=\"lazy\" decoding=\"async\" class=\"alignleft size-large wp-image-4111\" src=\"http:\/\/www.trastevereattiva.org\/wp-content\/uploads\/2021\/02\/Regala-un-computer-LOC-6-724x1024.jpg\" alt=\"\" width=\"550\" height=\"778\" srcset=\"https:\/\/www.trastevereattiva.org\/wp-content\/uploads\/2021\/02\/Regala-un-computer-LOC-6-724x1024.jpg 724w, https:\/\/www.trastevereattiva.org\/wp-content\/uploads\/2021\/02\/Regala-un-computer-LOC-6-212x300.jpg 212w, https:\/\/www.trastevereattiva.org\/wp-content\/uploads\/2021\/02\/Regala-un-computer-LOC-6-768x1086.jpg 768w, https:\/\/www.trastevereattiva.org\/wp-content\/uploads\/2021\/02\/Regala-un-computer-LOC-6.jpg 1240w\" sizes=\"(max-width: 550px) 100vw, 550px\" \/><\/a><\/p>\n","protected":false},"excerpt":{"rendered":"<p>In questo periodo difficile cerchiamo di aiutare i ragazzi in difficolt\u00e0 con la didattica a distanza: se hai un computer fisso o portatile funzionante che vuoi donare, guarda pi\u00f9 sotto se ha le caratteristiche tecniche per essere riutilizzato. Sar\u00e0 sanificato, revisionato dai volontari di Informatici Senza Frontiere e regalato ad uno studente. CARATTERISTICHE dei computer [&hellip;]<\/p>\n","protected":false},"author":1,"featured_media":0,"parent":0,"menu_order":0,"comment_status":"closed","ping_status":"closed","template":"fullwidth.php","meta":{"footnotes":""},"_links":{"self":[{"href":"https:\/\/www.trastevereattiva.org\/index.php\/wp-json\/wp\/v2\/pages\/4091"}],"collection":[{"href":"https:\/\/www.trastevereattiva.org\/index.php\/wp-json\/wp\/v2\/pages"}],"about":[{"href":"https:\/\/www.trastevereattiva.org\/index.php\/wp-json\/wp\/v2\/types\/page"}],"author":[{"embeddable":true,"href":"https:\/\/www.trastevereattiva.org\/index.php\/wp-json\/wp\/v2\/users\/1"}],"replies":[{"embeddable":true,"href":"https:\/\/www.trastevereattiva.org\/index.php\/wp-json\/wp\/v2\/comments?post=4091"}],"version-history":[{"count":18,"href":"https:\/\/www.trastevereattiva.org\/index.php\/wp-json\/wp\/v2\/pages\/4091\/revisions"}],"predecessor-version":[{"id":4113,"href":"https:\/\/www.trastevereattiva.org\/index.php\/wp-json\/wp\/v2\/pages\/4091\/revisions\/4113"}],"wp:attachment":[{"href":"https:\/\/www.trastevereattiva.org\/index.php\/wp-json\/wp\/v2\/media?parent=4091"}],"curies":[{"name":"wp","href":"https:\/\/api.w.org\/{rel}","templated":true}]}}