{"id":4160,"date":"2021-06-24T16:03:02","date_gmt":"2021-06-24T14:03:02","guid":{"rendered":"http:\/\/www.trastevereattiva.org\/?page_id=4160"},"modified":"2021-07-07T18:43:38","modified_gmt":"2021-07-07T16:43:38","slug":"regolamento-concorso-fiabe-inventate-1a-edizione-2021","status":"publish","type":"page","link":"https:\/\/www.trastevereattiva.org\/index.php\/regolamento-concorso-fiabe-inventate-1a-edizione-2021\/","title":{"rendered":"Regolamento concorso &#8220;FIABE&#8230; INVENTATE&#8221; 1a edizione 2021"},"content":{"rendered":"<p><span style=\"color: #ff0000;\"><strong>REGOLAMENTO DEL CONCORSO &#8220;Fiabe\u2026 inventate&#8221; <\/strong><em>Ia edizione 2021<br \/>\n<\/em><\/span><\/p>\n<p><strong><em>MODALITA\u2019 OPERATIVA<\/em><\/strong><\/p>\n<p>Attraverso i canali comunicativi delle associazioni organizzanti viene richiesto ai partecipanti al bando di spedire via mail le favole in formato word <span style=\"color: #ff0000;\"><strong>entro il<\/strong> <strong>3 settembre<\/strong><\/span> alla mail <span style=\"color: #ff0000;\"><strong><a href=\"mailto:fiabeinventate@gmail.com\" target=\"_blank\" rel=\"noopener\">fiabeinventate@gmail.com<\/a><\/strong><\/span><\/p>\n<p>Ogni partecipante potr\u00e0 inviare una sola favola.<\/p>\n<p>Sar\u00e0 costituita una giuria di esperti che valuter\u00e0, sulla base di criteri regolamentari pi\u00f9 avanti riportati, <span style=\"color: #ff0000;\"><strong>le migliori 5 favole<\/strong><\/span> tra tutte quelle pervenute nei termini indicati.<\/p>\n<p>La giuria sar\u00e0 formata da un rappresentante di ognuna delle associazioni organizzanti, da Barbara e Federico per <em>\u201c<a href=\"http:\/\/www.spreaker.com\/show\/le-favole-di-b\" target=\"_blank\" rel=\"noopener\">Le Favole di B<\/a>\u201d<\/em>.<\/p>\n<p>Con l\u2019invio delle favole, i partecipanti implicitamente riconosceranno di essere autori e proprietari delle favole, di non essere gi\u00e0 professionisti, avere i diritti di autore sui testi inviati, e concederanno in modo esclusivo al <em>\u201c<a href=\"http:\/\/www.spreaker.com\/show\/le-favole-di-b\" target=\"_blank\" rel=\"noopener\">Le Favole di B<\/a>\u201d<\/em>, alle sole associazioni aderenti succitate, ai canali media, radio e stampa riconducibili a questo concorso, la diffusione delle loro favole con ogni mezzo, senza nulla a che pretendere (sospensione mirata ed esclusiva del Copyright).<\/p>\n<p>Rimarranno invece intatti i diritti degli autori su ogni pubblicazione e diffusione delle favole, nei confronti di chiunque altro volesse diffondere le favole, per cui potranno prendere accordi separatamente.<\/p>\n<p>Inviando le favole i partecipanti solleveranno le associazioni organizzanti da qualsiasi richiesta avanzata anche da terzi in relazione alla titolarit\u00e0 dei diritti d\u2019autore delle favole e alla violazione dei diritti di persone che eventualmente si dovessero riconoscere in personaggi presenti nelle favole stesse. La partecipazione al Concorso degli autori implica, da parte delle Associazioni, il trattamento dei dati personali dichiarati dagli stessi, nel rispetto del Regolamento (UE) 2016\/679, essendo inteso che l\u2019uso dei dati \u00e8 strettamente collegato alla consegna dell\u2019attestato come vincitori del Concorso.<\/p>\n<p><strong><em>CRITERI DI VALUTAZIONE<\/em><\/strong><\/p>\n<ul>\n<li>Caratteristiche innovative e originali della storia\/racconto<\/li>\n<li>Ideate o rivisitate dall\u2019autore proponente<\/li>\n<li>Numero di parole: fino a un massimo di 600<\/li>\n<li>Linguaggio attento alla non discriminazione di alcun genere<\/li>\n<li>Divieto di utilizzo di parole offensive legate al sesso, alla razza, alla religione, ecc\u2026<\/li>\n<li>Stile scorrevole e di facile lettura<\/li>\n<\/ul>\n<p><strong><em>PREMIAZIONE<\/em><\/strong><\/p>\n<p>Gli autori delle 5 favole selezionate saranno citati negli eventi di comunicazione, non riceveranno premi in denaro ma solo un <span style=\"color: #ff0000;\"><strong>attestato specifico personalizzato <\/strong><span style=\"color: #000000;\">che<\/span><\/span> li riconosca <strong>\u201cvincitori\u201d<\/strong> del concorso. Questo attestato verr\u00e0 consegnato durante l\u2019evento pubblico qui sotto riportato.<\/p>\n<p><strong><em>EVENTI DI PUBBLICIZZAZIONE<\/em><\/strong><\/p>\n<ol>\n<li>Si creer\u00e0 un <strong><span style=\"color: #ff0000;\">EVENTO PUBBLICO<\/span> <\/strong>gratuito il <span style=\"color: #ff0000;\"><strong>18 settembre 2021<\/strong><\/span> in <strong><span style=\"color: #ff0000;\">piazza San Cosimato a Roma<\/span><\/strong>, durante il quale una persona incaricata (possibilmente attore professionista) legger\u00e0 le favole selezionate dalla giuria citandone gli autori. Altri eventi potranno essere organizzati e pubblicizzati in maniera coordinata in ciascuno dei quartieri interessati. Sar\u00e0 raccontata anche l\u2019esperienza di Barbara e Federico relativamente alle audiofiabe <em>\u201cLe Favole di B\u201d<\/em>.<\/li>\n<li>Le favole selezionate saranno rese pubbliche attraverso una diffusione audio tramite <span style=\"color: #ff0000;\"><strong><em>RADIO ROMA CAPITALE<\/em> <\/strong><\/span>dedicandole in maniera specifica ai bimbi\u00a0 dell\u2019<span style=\"color: #ff0000;\"><em><strong>Ospedale Bambino Ges\u00f9<\/strong><\/em><\/span> di Roma.<\/li>\n<li>Le 5 favole vincitrici saranno pubblicate sul Podcast di audio-fiabe <em><a href=\"https:\/\/www.spreaker.com\/show\/le-favole-di-b\" target=\"_blank\" rel=\"noopener\">\u201cLe Favole di B\u201d<\/a><\/em>\u00a0 e su tutti i canali a loro collegati con cadenza settimanale e pubblicizzate su Facebook dalle associazioni organizzanti.<\/li>\n<li>Si chieder\u00e0 ai Municipi interessati di pubblicizzare il concorso e gli eventi attraverso i loro canali media.<\/li>\n<li>Verr\u00e0 diramato comunicato stampa.<\/li>\n<\/ol>\n<p>Si creer\u00e0 un\u2019apposita pagina dedicata al concorso sul sito <em>Quartieri Attivi<\/em>, in aggiunta a quanto le associazioni organizzanti vorranno fare sui rispettivi siti.<\/p>\n","protected":false},"excerpt":{"rendered":"<p>REGOLAMENTO DEL CONCORSO &#8220;Fiabe\u2026 inventate&#8221; Ia edizione 2021 MODALITA\u2019 OPERATIVA Attraverso i canali comunicativi delle associazioni organizzanti viene richiesto ai partecipanti al bando di spedire via mail le favole in formato word entro il 3 settembre alla mail fiabeinventate@gmail.com Ogni partecipante potr\u00e0 inviare una sola favola. Sar\u00e0 costituita una giuria di esperti che valuter\u00e0, sulla [&hellip;]<\/p>\n","protected":false},"author":1,"featured_media":0,"parent":0,"menu_order":0,"comment_status":"closed","ping_status":"closed","template":"fullwidth.php","meta":{"footnotes":""},"_links":{"self":[{"href":"https:\/\/www.trastevereattiva.org\/index.php\/wp-json\/wp\/v2\/pages\/4160"}],"collection":[{"href":"https:\/\/www.trastevereattiva.org\/index.php\/wp-json\/wp\/v2\/pages"}],"about":[{"href":"https:\/\/www.trastevereattiva.org\/index.php\/wp-json\/wp\/v2\/types\/page"}],"author":[{"embeddable":true,"href":"https:\/\/www.trastevereattiva.org\/index.php\/wp-json\/wp\/v2\/users\/1"}],"replies":[{"embeddable":true,"href":"https:\/\/www.trastevereattiva.org\/index.php\/wp-json\/wp\/v2\/comments?post=4160"}],"version-history":[{"count":2,"href":"https:\/\/www.trastevereattiva.org\/index.php\/wp-json\/wp\/v2\/pages\/4160\/revisions"}],"predecessor-version":[{"id":4168,"href":"https:\/\/www.trastevereattiva.org\/index.php\/wp-json\/wp\/v2\/pages\/4160\/revisions\/4168"}],"wp:attachment":[{"href":"https:\/\/www.trastevereattiva.org\/index.php\/wp-json\/wp\/v2\/media?parent=4160"}],"curies":[{"name":"wp","href":"https:\/\/api.w.org\/{rel}","templated":true}]}}