{"id":4209,"date":"2021-11-20T09:46:02","date_gmt":"2021-11-20T08:46:02","guid":{"rendered":"http:\/\/www.trastevereattiva.org\/?page_id=4209"},"modified":"2021-11-20T09:46:02","modified_gmt":"2021-11-20T08:46:02","slug":"attivita-in-corso","status":"publish","type":"page","link":"https:\/\/www.trastevereattiva.org\/index.php\/attivita-in-corso\/","title":{"rendered":"Attivit\u00e0 in corso"},"content":{"rendered":"<p>Nel sotto men\u00f9 si possono vedere sia le attivit\u00e0 che sono sempre in corso, sia i progetti in via di realizzazione<\/p>\n","protected":false},"excerpt":{"rendered":"<p>Nel sotto men\u00f9 si possono vedere sia le attivit\u00e0 che sono sempre in corso, sia i progetti in via di realizzazione<\/p>\n","protected":false},"author":1,"featured_media":0,"parent":0,"menu_order":0,"comment_status":"closed","ping_status":"closed","template":"fullwidth.php","meta":{"footnotes":""},"_links":{"self":[{"href":"https:\/\/www.trastevereattiva.org\/index.php\/wp-json\/wp\/v2\/pages\/4209"}],"collection":[{"href":"https:\/\/www.trastevereattiva.org\/index.php\/wp-json\/wp\/v2\/pages"}],"about":[{"href":"https:\/\/www.trastevereattiva.org\/index.php\/wp-json\/wp\/v2\/types\/page"}],"author":[{"embeddable":true,"href":"https:\/\/www.trastevereattiva.org\/index.php\/wp-json\/wp\/v2\/users\/1"}],"replies":[{"embeddable":true,"href":"https:\/\/www.trastevereattiva.org\/index.php\/wp-json\/wp\/v2\/comments?post=4209"}],"version-history":[{"count":1,"href":"https:\/\/www.trastevereattiva.org\/index.php\/wp-json\/wp\/v2\/pages\/4209\/revisions"}],"predecessor-version":[{"id":4210,"href":"https:\/\/www.trastevereattiva.org\/index.php\/wp-json\/wp\/v2\/pages\/4209\/revisions\/4210"}],"wp:attachment":[{"href":"https:\/\/www.trastevereattiva.org\/index.php\/wp-json\/wp\/v2\/media?parent=4209"}],"curies":[{"name":"wp","href":"https:\/\/api.w.org\/{rel}","templated":true}]}}