{"id":4673,"date":"2023-03-20T16:27:59","date_gmt":"2023-03-20T15:27:59","guid":{"rendered":"http:\/\/www.trastevereattiva.org\/?page_id=4673"},"modified":"2023-06-30T10:16:31","modified_gmt":"2023-06-30T08:16:31","slug":"laboratori-di-riciclo-creativo","status":"publish","type":"page","link":"https:\/\/www.trastevereattiva.org\/index.php\/laboratori-di-riciclo-creativo\/","title":{"rendered":"Laboratori di riciclo creativo"},"content":{"rendered":"\n<p>Con i bambini dell&#8217;<strong><em>Istituto compensivo Regina Margherita&#8230;<\/em><\/strong> PENSIAMO AL FUTURO: <strong>creativit\u00e0 per un uso pi\u00f9 consapevole delle risorse del pianeta! <\/strong>Meno sprechi, pi\u00f9 creativit\u00e0 e responsabilit\u00e0 sociale: i bambini sono gli adulti di domani&#8230; seminiamo giusti semi di sostenibilit\u00e0 e bellezza!<\/p>\n\n\n\n<figure class=\"wp-block-embed-youtube wp-block-embed is-type-video is-provider-youtube wp-embed-aspect-16-9 wp-has-aspect-ratio\"><div class=\"wp-block-embed__wrapper\">\n<iframe loading=\"lazy\" title=\"Lab RICICLO CREATIVO\" width=\"1170\" height=\"658\" src=\"https:\/\/www.youtube.com\/embed\/WFl07VaAxoY?feature=oembed\" frameborder=\"0\" allow=\"accelerometer; autoplay; clipboard-write; encrypted-media; gyroscope; picture-in-picture; web-share\" allowfullscreen><\/iframe>\n<\/div><\/figure>\n\n\n\n<figure class=\"wp-block-image\"><img loading=\"lazy\" decoding=\"async\" width=\"724\" height=\"1024\" src=\"http:\/\/www.trastevereattiva.org\/wp-content\/uploads\/2023\/03\/volantino-2023-LABORATORI-RICICLO-4-bassa-def-724x1024.jpg\" alt=\"\" class=\"wp-image-4675\" srcset=\"https:\/\/www.trastevereattiva.org\/wp-content\/uploads\/2023\/03\/volantino-2023-LABORATORI-RICICLO-4-bassa-def-724x1024.jpg 724w, https:\/\/www.trastevereattiva.org\/wp-content\/uploads\/2023\/03\/volantino-2023-LABORATORI-RICICLO-4-bassa-def-212x300.jpg 212w, https:\/\/www.trastevereattiva.org\/wp-content\/uploads\/2023\/03\/volantino-2023-LABORATORI-RICICLO-4-bassa-def-768x1086.jpg 768w, https:\/\/www.trastevereattiva.org\/wp-content\/uploads\/2023\/03\/volantino-2023-LABORATORI-RICICLO-4-bassa-def.jpg 1754w\" sizes=\"(max-width: 724px) 100vw, 724px\" \/><\/figure>\n","protected":false},"excerpt":{"rendered":"<p>Con i bambini dell&#8217;Istituto compensivo Regina Margherita&#8230; PENSIAMO AL FUTURO: creativit\u00e0 per un uso pi\u00f9 consapevole delle risorse del pianeta! Meno sprechi, pi\u00f9 creativit\u00e0 e responsabilit\u00e0 sociale: i bambini sono gli adulti di domani&#8230; seminiamo giusti semi di sostenibilit\u00e0 e bellezza!<\/p>\n","protected":false},"author":1,"featured_media":0,"parent":0,"menu_order":0,"comment_status":"closed","ping_status":"closed","template":"fullwidth.php","meta":{"footnotes":""},"_links":{"self":[{"href":"https:\/\/www.trastevereattiva.org\/index.php\/wp-json\/wp\/v2\/pages\/4673"}],"collection":[{"href":"https:\/\/www.trastevereattiva.org\/index.php\/wp-json\/wp\/v2\/pages"}],"about":[{"href":"https:\/\/www.trastevereattiva.org\/index.php\/wp-json\/wp\/v2\/types\/page"}],"author":[{"embeddable":true,"href":"https:\/\/www.trastevereattiva.org\/index.php\/wp-json\/wp\/v2\/users\/1"}],"replies":[{"embeddable":true,"href":"https:\/\/www.trastevereattiva.org\/index.php\/wp-json\/wp\/v2\/comments?post=4673"}],"version-history":[{"count":7,"href":"https:\/\/www.trastevereattiva.org\/index.php\/wp-json\/wp\/v2\/pages\/4673\/revisions"}],"predecessor-version":[{"id":4806,"href":"https:\/\/www.trastevereattiva.org\/index.php\/wp-json\/wp\/v2\/pages\/4673\/revisions\/4806"}],"wp:attachment":[{"href":"https:\/\/www.trastevereattiva.org\/index.php\/wp-json\/wp\/v2\/media?parent=4673"}],"curies":[{"name":"wp","href":"https:\/\/api.w.org\/{rel}","templated":true}]}}