{"id":498,"date":"2015-09-18T10:30:41","date_gmt":"2015-09-18T08:30:41","guid":{"rendered":"http:\/\/www.trastevereattiva.org\/?page_id=498"},"modified":"2016-01-30T12:05:55","modified_gmt":"2016-01-30T11:05:55","slug":"la-mia-via-e-casa-mia-via-calandrelli-settembre-2015","status":"publish","type":"page","link":"https:\/\/www.trastevereattiva.org\/index.php\/eventi\/viale-glorioso\/la-mia-via-e-casa-mia-via-calandrelli-settembre-2015\/","title":{"rendered":"La mia via \u00e8 casa mia &#8211; VIA CALANDRELLI (settembre 2015)"},"content":{"rendered":"<p>Come gi\u00e0 fatto in Viale Glorioso a luglio, aggiungiamo un&#8217;altro piccolo tassello all&#8217;operazione &#8220;La mia via \u00e8 casa mia&#8221;. Questa volta collaboreremo con gli amici di Retake e del Comitato Amici di Villa Sciarra per pulire VIA CALANDRELLI e via NICOLA FABRIZI. Portiamo sacchi, scopa, guanti e tanta buona volont\u00e0!<\/p>\n<div id='gallery-1' class='gallery galleryid-498 gallery-columns-2 gallery-size-large'><figure class='gallery-item'>\n\t\t\t<div class='gallery-icon portrait'>\n\t\t\t\t<a href='https:\/\/www.trastevereattiva.org\/index.php\/eventi\/viale-glorioso\/la-mia-via-e-casa-mia-via-calandrelli-settembre-2015\/attachment\/506\/'><img loading=\"lazy\" decoding=\"async\" width=\"724\" height=\"1024\" src=\"https:\/\/www.trastevereattiva.org\/wp-content\/uploads\/2015\/09\/locandina-la-mia-via-GENERICA-A-724x1024.jpg\" class=\"attachment-large size-large\" alt=\"\" srcset=\"https:\/\/www.trastevereattiva.org\/wp-content\/uploads\/2015\/09\/locandina-la-mia-via-GENERICA-A-724x1024.jpg 724w, https:\/\/www.trastevereattiva.org\/wp-content\/uploads\/2015\/09\/locandina-la-mia-via-GENERICA-A-212x300.jpg 212w, https:\/\/www.trastevereattiva.org\/wp-content\/uploads\/2015\/09\/locandina-la-mia-via-GENERICA-A.jpg 1240w\" sizes=\"(max-width: 724px) 100vw, 724px\" \/><\/a>\n\t\t\t<\/div><\/figure><figure class='gallery-item'>\n\t\t\t<div class='gallery-icon landscape'>\n\t\t\t\t<a href='https:\/\/www.trastevereattiva.org\/index.php\/eventi\/viale-glorioso\/la-mia-via-e-casa-mia-via-calandrelli-settembre-2015\/img_6027\/'><img loading=\"lazy\" decoding=\"async\" width=\"1024\" height=\"768\" src=\"https:\/\/www.trastevereattiva.org\/wp-content\/uploads\/2015\/09\/IMG_6027-1024x768.jpg\" class=\"attachment-large size-large\" alt=\"\" srcset=\"https:\/\/www.trastevereattiva.org\/wp-content\/uploads\/2015\/09\/IMG_6027-1024x768.jpg 1024w, https:\/\/www.trastevereattiva.org\/wp-content\/uploads\/2015\/09\/IMG_6027-300x225.jpg 300w, https:\/\/www.trastevereattiva.org\/wp-content\/uploads\/2015\/09\/IMG_6027.jpg 1600w\" sizes=\"(max-width: 1024px) 100vw, 1024px\" \/><\/a>\n\t\t\t<\/div><\/figure><figure class='gallery-item'>\n\t\t\t<div class='gallery-icon landscape'>\n\t\t\t\t<a href='https:\/\/www.trastevereattiva.org\/index.php\/eventi\/viale-glorioso\/la-mia-via-e-casa-mia-via-calandrelli-settembre-2015\/img_6026\/'><img loading=\"lazy\" decoding=\"async\" width=\"1024\" height=\"768\" src=\"https:\/\/www.trastevereattiva.org\/wp-content\/uploads\/2015\/09\/IMG_6026-1024x768.jpg\" class=\"attachment-large size-large\" alt=\"\" srcset=\"https:\/\/www.trastevereattiva.org\/wp-content\/uploads\/2015\/09\/IMG_6026-1024x768.jpg 1024w, https:\/\/www.trastevereattiva.org\/wp-content\/uploads\/2015\/09\/IMG_6026-300x225.jpg 300w, https:\/\/www.trastevereattiva.org\/wp-content\/uploads\/2015\/09\/IMG_6026.jpg 1600w\" sizes=\"(max-width: 1024px) 100vw, 1024px\" \/><\/a>\n\t\t\t<\/div><\/figure><figure class='gallery-item'>\n\t\t\t<div class='gallery-icon landscape'>\n\t\t\t\t<a href='https:\/\/www.trastevereattiva.org\/index.php\/eventi\/viale-glorioso\/la-mia-via-e-casa-mia-via-calandrelli-settembre-2015\/img_6020\/'><img loading=\"lazy\" decoding=\"async\" width=\"1024\" height=\"765\" src=\"https:\/\/www.trastevereattiva.org\/wp-content\/uploads\/2015\/09\/IMG_6020-1024x765.jpg\" class=\"attachment-large size-large\" alt=\"\" srcset=\"https:\/\/www.trastevereattiva.org\/wp-content\/uploads\/2015\/09\/IMG_6020-1024x765.jpg 1024w, https:\/\/www.trastevereattiva.org\/wp-content\/uploads\/2015\/09\/IMG_6020-300x224.jpg 300w\" sizes=\"(max-width: 1024px) 100vw, 1024px\" \/><\/a>\n\t\t\t<\/div><\/figure><figure class='gallery-item'>\n\t\t\t<div class='gallery-icon portrait'>\n\t\t\t\t<a href='https:\/\/www.trastevereattiva.org\/index.php\/eventi\/viale-glorioso\/la-mia-via-e-casa-mia-via-calandrelli-settembre-2015\/img_6019\/'><img loading=\"lazy\" decoding=\"async\" width=\"765\" height=\"1024\" src=\"https:\/\/www.trastevereattiva.org\/wp-content\/uploads\/2015\/09\/IMG_6019-765x1024.jpg\" class=\"attachment-large size-large\" alt=\"\" srcset=\"https:\/\/www.trastevereattiva.org\/wp-content\/uploads\/2015\/09\/IMG_6019-765x1024.jpg 765w, https:\/\/www.trastevereattiva.org\/wp-content\/uploads\/2015\/09\/IMG_6019-224x300.jpg 224w, https:\/\/www.trastevereattiva.org\/wp-content\/uploads\/2015\/09\/IMG_6019.jpg 1936w\" sizes=\"(max-width: 765px) 100vw, 765px\" \/><\/a>\n\t\t\t<\/div><\/figure><figure class='gallery-item'>\n\t\t\t<div class='gallery-icon portrait'>\n\t\t\t\t<a href='https:\/\/www.trastevereattiva.org\/index.php\/eventi\/viale-glorioso\/la-mia-via-e-casa-mia-via-calandrelli-settembre-2015\/img_6018\/'><img loading=\"lazy\" decoding=\"async\" width=\"765\" height=\"1024\" src=\"https:\/\/www.trastevereattiva.org\/wp-content\/uploads\/2015\/09\/IMG_6018-765x1024.jpg\" class=\"attachment-large size-large\" alt=\"\" srcset=\"https:\/\/www.trastevereattiva.org\/wp-content\/uploads\/2015\/09\/IMG_6018-765x1024.jpg 765w, https:\/\/www.trastevereattiva.org\/wp-content\/uploads\/2015\/09\/IMG_6018-224x300.jpg 224w, https:\/\/www.trastevereattiva.org\/wp-content\/uploads\/2015\/09\/IMG_6018.jpg 1936w\" sizes=\"(max-width: 765px) 100vw, 765px\" \/><\/a>\n\t\t\t<\/div><\/figure><figure class='gallery-item'>\n\t\t\t<div class='gallery-icon landscape'>\n\t\t\t\t<a href='https:\/\/www.trastevereattiva.org\/index.php\/eventi\/viale-glorioso\/la-mia-via-e-casa-mia-via-calandrelli-settembre-2015\/img_6015\/'><img loading=\"lazy\" decoding=\"async\" width=\"1024\" height=\"765\" src=\"https:\/\/www.trastevereattiva.org\/wp-content\/uploads\/2015\/09\/IMG_6015-1024x765.jpg\" class=\"attachment-large size-large\" alt=\"\" srcset=\"https:\/\/www.trastevereattiva.org\/wp-content\/uploads\/2015\/09\/IMG_6015-1024x765.jpg 1024w, https:\/\/www.trastevereattiva.org\/wp-content\/uploads\/2015\/09\/IMG_6015-300x224.jpg 300w\" sizes=\"(max-width: 1024px) 100vw, 1024px\" \/><\/a>\n\t\t\t<\/div><\/figure>\n\t\t<\/div>\n\n","protected":false},"excerpt":{"rendered":"<p>Come gi\u00e0 fatto in Viale Glorioso a luglio, aggiungiamo un&#8217;altro piccolo tassello all&#8217;operazione &#8220;La mia via \u00e8 casa mia&#8221;. Questa volta collaboreremo con gli amici di Retake e del Comitato Amici di Villa Sciarra per pulire VIA CALANDRELLI e via NICOLA FABRIZI. Portiamo sacchi, scopa, guanti e tanta buona volont\u00e0!<\/p>\n","protected":false},"author":1,"featured_media":0,"parent":340,"menu_order":0,"comment_status":"closed","ping_status":"open","template":"fullwidth.php","meta":{"footnotes":""},"_links":{"self":[{"href":"https:\/\/www.trastevereattiva.org\/index.php\/wp-json\/wp\/v2\/pages\/498"}],"collection":[{"href":"https:\/\/www.trastevereattiva.org\/index.php\/wp-json\/wp\/v2\/pages"}],"about":[{"href":"https:\/\/www.trastevereattiva.org\/index.php\/wp-json\/wp\/v2\/types\/page"}],"author":[{"embeddable":true,"href":"https:\/\/www.trastevereattiva.org\/index.php\/wp-json\/wp\/v2\/users\/1"}],"replies":[{"embeddable":true,"href":"https:\/\/www.trastevereattiva.org\/index.php\/wp-json\/wp\/v2\/comments?post=498"}],"version-history":[{"count":2,"href":"https:\/\/www.trastevereattiva.org\/index.php\/wp-json\/wp\/v2\/pages\/498\/revisions"}],"predecessor-version":[{"id":1045,"href":"https:\/\/www.trastevereattiva.org\/index.php\/wp-json\/wp\/v2\/pages\/498\/revisions\/1045"}],"up":[{"embeddable":true,"href":"https:\/\/www.trastevereattiva.org\/index.php\/wp-json\/wp\/v2\/pages\/340"}],"wp:attachment":[{"href":"https:\/\/www.trastevereattiva.org\/index.php\/wp-json\/wp\/v2\/media?parent=498"}],"curies":[{"name":"wp","href":"https:\/\/api.w.org\/{rel}","templated":true}]}}