{"id":72,"date":"2015-07-28T12:23:45","date_gmt":"2015-07-28T10:23:45","guid":{"rendered":"http:\/\/www.trastevereattiva.org\/?page_id=72"},"modified":"2015-07-31T22:39:29","modified_gmt":"2015-07-31T20:39:29","slug":"portale-io-segnalo","status":"publish","type":"page","link":"https:\/\/www.trastevereattiva.org\/index.php\/notizie\/portale-io-segnalo\/","title":{"rendered":"Portale &#8220;Io segnalo&#8221;"},"content":{"rendered":"<p>Da lunedi 6 luglio, ore 10:00, \u00e8 operativo, dopo una lunga fase iniziale di test, &#8220;Io Segnalo&#8221;, il programma realizzato dal Comune di Roma per consentire ai cittadini d&#8217;inviare alla Polizia Municipale una serie di segnalazioni di reato.<br \/>\nPer utilizzare il servizio \u00e8 necessario autenticarsi sul portale del Comune di Roma.<br \/>\nQuesta fase preliminare di autentificazione \u00e8 un p\u00f2 lunga ma \u00e8 necessaria in quanto le segnalazione inviate dai cittadini andranno diretta<span class=\"text_exposed_show\">mente nel sistema informativo della Polizia Municipale e, se ritenute prioritarie, comporteranno l&#8217;attivazione immediata delle pattuglie.<br \/>\nQuindi \u00e8 indispensabile che si tratti di segnalazioni &#8220;certificate&#8221;.<br \/>\nLa Polizia Municipale ha immediato riscontro sul terminale della Sala Operativa ed in alcuni casi (es. sosta su spazio per disabili, caduta rami, incidente stradale,&#8230;) comporta l&#8217;attivazione della pattuglia, in altri casi (es. affissione abusiva, discarica abusiva, occupazione suolo pubblico, &#8230; ) comporta l&#8217;avvio delle procedure amministrative e d&#8217;indagine richieste dalla segnalazione.<br \/>\nPer noi cittadini \u00e8 molto importante seguire l&#8217;iter della nostra segnalazione sullo stesso &#8220;Io Segnalo&#8221;.<br \/>\nUno strumento in pi\u00f9 a disposizione dei cittadini per collaborare al decoro della nostra citt\u00e0, sfruttiamolo al meglio.<br \/>\nMaggiori dettagli sulla pagina del Comune di Roma:<br \/>\n<a href=\"http:\/\/www.comune.roma.it\/wps\/portal\/pcr?jppagecode=el_sev_on_io_segn.wp\" target=\"_blank\" rel=\"nofollow\">http:\/\/www.comune.roma.it\/wps\/portal\/pcr\u2026<\/a><\/span><\/p>\n","protected":false},"excerpt":{"rendered":"<p>Da lunedi 6 luglio, ore 10:00, \u00e8 operativo, dopo una lunga fase iniziale di test, &#8220;Io Segnalo&#8221;, il programma realizzato dal Comune di Roma per consentire ai cittadini d&#8217;inviare alla Polizia Municipale una serie di segnalazioni di reato. Per utilizzare il servizio \u00e8 necessario autenticarsi sul portale del Comune di Roma. Questa fase preliminare di [&hellip;]<\/p>\n","protected":false},"author":1,"featured_media":0,"parent":21,"menu_order":0,"comment_status":"closed","ping_status":"closed","template":"fullwidth.php","meta":{"footnotes":""},"_links":{"self":[{"href":"https:\/\/www.trastevereattiva.org\/index.php\/wp-json\/wp\/v2\/pages\/72"}],"collection":[{"href":"https:\/\/www.trastevereattiva.org\/index.php\/wp-json\/wp\/v2\/pages"}],"about":[{"href":"https:\/\/www.trastevereattiva.org\/index.php\/wp-json\/wp\/v2\/types\/page"}],"author":[{"embeddable":true,"href":"https:\/\/www.trastevereattiva.org\/index.php\/wp-json\/wp\/v2\/users\/1"}],"replies":[{"embeddable":true,"href":"https:\/\/www.trastevereattiva.org\/index.php\/wp-json\/wp\/v2\/comments?post=72"}],"version-history":[{"count":1,"href":"https:\/\/www.trastevereattiva.org\/index.php\/wp-json\/wp\/v2\/pages\/72\/revisions"}],"predecessor-version":[{"id":73,"href":"https:\/\/www.trastevereattiva.org\/index.php\/wp-json\/wp\/v2\/pages\/72\/revisions\/73"}],"up":[{"embeddable":true,"href":"https:\/\/www.trastevereattiva.org\/index.php\/wp-json\/wp\/v2\/pages\/21"}],"wp:attachment":[{"href":"https:\/\/www.trastevereattiva.org\/index.php\/wp-json\/wp\/v2\/media?parent=72"}],"curies":[{"name":"wp","href":"https:\/\/api.w.org\/{rel}","templated":true}]}}