{"id":75,"date":"2015-07-28T12:28:11","date_gmt":"2015-07-28T10:28:11","guid":{"rendered":"http:\/\/www.trastevereattiva.org\/?page_id=75"},"modified":"2015-08-11T16:04:15","modified_gmt":"2015-08-11T14:04:15","slug":"labsus","status":"publish","type":"page","link":"https:\/\/www.trastevereattiva.org\/index.php\/notizie\/labsus\/","title":{"rendered":"Labsus"},"content":{"rendered":"<p>Riportiamo qui sotto un testo tratto dal sito di Labsus e che ne descrive obiettivi e ispirazione.<\/p>\n<p><em><strong>Labsus, il Laboratorio per la sussidiariet\u00e0,<\/strong>\u00a0ha un obiettivo ben preciso, fondato su una certezza. La certezza \u00e8 che\u00a0le persone sono portatrici non solo di bisogni ma anche di capacit\u00e0 e che \u00e8 possibile che queste capacit\u00e0 siano messe a disposizione della comunit\u00e0\u00a0per contribuire a dare soluzione, insieme con le amministrazioni pubbliche, ai problemi di interesse generale.<\/em><\/p>\n<p><em>Questa certezza ha trovato conferma nella legge di revisione costituzionale che nel 2001 ha introdotto nella Costituzione il principio di sussidiariet\u00e0 orizzontale, con questa formulazione: \u201cStato, Regioni, Citt\u00e0 metropolitane, Province e Comuni favoriscono l\u2019autonoma iniziativa dei cittadini, singoli e associati, per lo svolgimento di attivit\u00e0 di interesse generale, sulla base del principio di sussidiariet\u00e0\u201d (art. 118, ultimo comma). La nuova norma, riconoscendo che i cittadini sono in grado di attivarsi autonomamente nell\u2019interesse generale e disponendo che le istituzioni debbano sostenerne gli sforzi in tal senso, conferma appunto sia che le persone hanno delle capacit\u00e0, sia che possono essere disposte ad utilizzare queste capacit\u00e0 per risolvere non solo i propri problemi individuali, ma anche quelli che riguardano la collettivit\u00e0.<\/em><\/p>\n<p><em>Se questa \u00e8 la certezza di fondo che ci ispira, allora \u00e8 chiaro anche\u00a0il nostro obiettivo: far sapere al maggior numero possibile di persone che nella nostra Costituzione c\u2019\u00e8 questa grande novit\u00e0 rappresentata dal principio di sussidiariet\u00e0\u00a0e che questa novit\u00e0 pu\u00f2 cambiare il loro modo di stare, come cittadini, in questa societ\u00e0.\u00a0Pochi, infatti, si sono accorti delle enormi potenzialit\u00e0 di questo nuovo principio. E, fra quei pochi, ce ne sono alcuni che ne danno un\u2019interpretazione riduttiva, in negativo, secondo la quale se i privati si attivano il pubblico deve ritrarsi, come se la presenza dei soggetti pubblici in certi settori fosse un male da sopportare in mancanza di meglio.<\/em><\/p>\n<p><em>Non \u00e8 questa la nostra idea di sussidiariet\u00e0. Non solo perch\u00e9, sia pure con tutti gli aggiustamenti necessari, il ruolo dei soggetti pubblici nel garantire i diritti civili e sociali riconosciuti dalla Costituzione rimane essenziale. Ma soprattutto perch\u00e9 la vera essenza della sussidiariet\u00e0 non sta tanto nel fungere da principio regolatore dei confini fra una sfera pubblica ed una privata considerate fra loro ineluttabilmente confliggenti, quanto nell\u2019essere la piattaforma costituzionale su cui costruire un nuovo modello di societ\u00e0 caratterizzato dalla presenza diffusa di cittadini attivi, cio\u00e8 cittadini autonomi, solidali e responsabili, alleati dell\u2019amministrazione nel prendersi cura dei beni comuni.<\/em><\/p>\n<p><em>E\u2019 un modo di essere cittadini del tutto nuovo e finora irrealizzabile, perch\u00e9 l\u2019ordinamento non consentiva ai cittadini comuni di occuparsi della cosa pubblica pur continuando ad essere semplici cittadini. Anzi, era considerata assurda la sola idea che un cittadino, senza iscriversi ad associazioni di volontariato o similari, potesse in quanto tale avere la voglia e le capacit\u00e0 per prendersi cura dei beni comuni insieme con altri cittadini e con l\u2019amministrazione.<\/em><\/p>\n<p><em>Oggi questa assurda idea sta nella Costituzione. E\u00a0noi vogliamo che il maggior numero possibile di cittadini italiani si mobiliti, sulla base di una idea di \u201csussidiariet\u00e0 responsabile\u201d, per contribuire alla rinascita del Paese.<\/em><\/p>\n<p><em>Per questo abbiamo creato Labsus, che \u00e8 un vero e proprio Laboratorio per l\u2019attuazione del principio di sussidiariet\u00e0, dove elaboriamo idee, raccogliamo esperienze e materiali di ogni genere, segnaliamo iniziative.\u00a0E tutto questo lo facciamo da volontari, anzi, meglio, da cittadini attivi, impegnando tempo ed energie senza ricevere compensi di tipo materiale ma traendone invece molte soddisfazioni sul piano della realizzazione personale.<\/em><\/p>\n<p><em>Sappiamo infatti che quello che stiamo facendo, sia pure con le nostre forze limitate, \u00e8 utile ed \u00e8 destinato a cambiare radicalmente le forme della cittadinanza in Italia, con effetti al momento imprevedibili ma sicuramente incisivi dal punto di vista della realizzazione di una maggior democrazia sostanziale, del miglioramento della convivenza civile, delle condizioni materiali di vita.<\/em><br \/>\n<em> Chi vuole battersi con noi per questi obiettivi \u00e8 benvenuto in Labsus.<\/em><\/p>\n<p><em>Per contattare Labsus scrivete a:\u00a0<a href=\"mailto:contatti@labsus.net?bcc=fabros5@gmail.com\">contatti@labsus.net<\/a><\/em><\/p>\n","protected":false},"excerpt":{"rendered":"<p>Riportiamo qui sotto un testo tratto dal sito di Labsus e che ne descrive obiettivi e ispirazione. Labsus, il Laboratorio per la sussidiariet\u00e0,\u00a0ha un obiettivo ben preciso, fondato su una certezza. La certezza \u00e8 che\u00a0le persone sono portatrici non solo di bisogni ma anche di capacit\u00e0 e che \u00e8 possibile che queste capacit\u00e0 siano messe [&hellip;]<\/p>\n","protected":false},"author":1,"featured_media":0,"parent":21,"menu_order":0,"comment_status":"closed","ping_status":"closed","template":"fullwidth.php","meta":{"footnotes":""},"_links":{"self":[{"href":"https:\/\/www.trastevereattiva.org\/index.php\/wp-json\/wp\/v2\/pages\/75"}],"collection":[{"href":"https:\/\/www.trastevereattiva.org\/index.php\/wp-json\/wp\/v2\/pages"}],"about":[{"href":"https:\/\/www.trastevereattiva.org\/index.php\/wp-json\/wp\/v2\/types\/page"}],"author":[{"embeddable":true,"href":"https:\/\/www.trastevereattiva.org\/index.php\/wp-json\/wp\/v2\/users\/1"}],"replies":[{"embeddable":true,"href":"https:\/\/www.trastevereattiva.org\/index.php\/wp-json\/wp\/v2\/comments?post=75"}],"version-history":[{"count":3,"href":"https:\/\/www.trastevereattiva.org\/index.php\/wp-json\/wp\/v2\/pages\/75\/revisions"}],"predecessor-version":[{"id":384,"href":"https:\/\/www.trastevereattiva.org\/index.php\/wp-json\/wp\/v2\/pages\/75\/revisions\/384"}],"up":[{"embeddable":true,"href":"https:\/\/www.trastevereattiva.org\/index.php\/wp-json\/wp\/v2\/pages\/21"}],"wp:attachment":[{"href":"https:\/\/www.trastevereattiva.org\/index.php\/wp-json\/wp\/v2\/media?parent=75"}],"curies":[{"name":"wp","href":"https:\/\/api.w.org\/{rel}","templated":true}]}}